{"id":76,"date":"2019-03-10T01:31:15","date_gmt":"2019-03-10T00:31:15","guid":{"rendered":"https:\/\/xn--sngerkreis-elbe-havel-51b.de\/skeh\/?page_id=76"},"modified":"2024-11-09T00:01:40","modified_gmt":"2024-11-08T23:01:40","slug":"choere","status":"publish","type":"page","link":"https:\/\/sk-elbe-havel.de\/?page_id=76","title":{"rendered":"Ch\u00f6re"},"content":{"rendered":"\n<h2 class=\"wp-block-heading\">Chorkreis Elbe-Havel<\/h2>\n\n\n\n<h2 class=\"wp-block-heading\"><strong>Frauench\u00f6re<\/strong><\/h2>\n\n\n\n<ul class=\"wp-block-list\">\n<li><a aria-label=\"Frauenchor Genthin e.V. (\u00f6ffnet in neuem Tab)\" href=\"https:\/\/sk-elbe-havel.de\/?page_id=119\" target=\"_blank\" rel=\"noreferrer noopener\">Frauenchor Genthin e.V.<\/a><\/li>\n<\/ul>\n\n\n\n<h2 class=\"wp-block-heading\"><strong>M\u00e4nnerch\u00f6re<\/strong><\/h2>\n\n\n\n<ul class=\"wp-block-list\">\n<li><a aria-label=\"Handwerker-M\u00e4nnerchor 1860 Genthin e.V. (\u00f6ffnet in neuem Tab)\" href=\"https:\/\/sk-elbe-havel.de\/?page_id=126\" target=\"_blank\" rel=\"noreferrer noopener\">Handwerker-M\u00e4nnerchor 1860 Genthin e.V.<\/a><\/li>\n\n\n\n<li><a aria-label=\"M\u00e4nnerchor Leitzkau e.V. (\u00f6ffnet in neuem Tab)\" href=\"https:\/\/sk-elbe-havel.de\/?page_id=133\" target=\"_blank\" rel=\"noreferrer noopener\">M\u00e4nnerchor Leitzkau e.V.<\/a><\/li>\n<\/ul>\n\n\n\n<h2 class=\"wp-block-heading\">Gemischte Ch\u00f6re<\/h2>\n\n\n\n<ul class=\"wp-block-list\">\n<li><a aria-label=\"Vocalensamble Burg (ehem. Burger Volkschor e.V.) (\u00f6ffnet in neuem Tab)\" href=\"https:\/\/sk-elbe-havel.de\/?page_id=145\" target=\"_blank\" rel=\"noreferrer noopener\">Vokalensemble Burg e.V.<\/a><\/li>\n\n\n\n<li><a aria-label=\"Gemischter Chor Gerwisch e.V. (\u00f6ffnet in neuem Tab)\" href=\"https:\/\/sk-elbe-havel.de\/?page_id=162\" target=\"_blank\" rel=\"noreferrer noopener\">Gemischter Chor Gerwisch e.V.<\/a><\/li>\n\n\n\n<li><a aria-label=\"Havelberger Liedertafel e.V. (\u00f6ffnet in neuem Tab)\" href=\"https:\/\/sk-elbe-havel.de\/?page_id=190\" target=\"_blank\" rel=\"noreferrer noopener\">Havelberger Liedertafel e.V.<\/a><\/li>\n\n\n\n<li><a href=\"https:\/\/sk-elbe-havel.de\/?page_id=151\" data-type=\"page\" data-id=\"151\">Chorgemeinschaft Elbe-Parey<\/a><\/li>\n\n\n\n<li><a aria-label=\"Gemischter Chor Gommern (\u00f6ffnet in neuem Tab)\" href=\"https:\/\/sk-elbe-havel.de\/?page_id=167\" target=\"_blank\" rel=\"noreferrer noopener\">Gemischter Chor Gommern<\/a><\/li>\n\n\n\n<li><a aria-label=\"Gemischter Chor Leitzkau (\u00f6ffnet in neuem Tab)\" href=\"https:\/\/sk-elbe-havel.de\/?page_id=169\" target=\"_blank\" rel=\"noreferrer noopener\">Gemischter Chor Leitzkau<\/a><\/li>\n\n\n\n<li><a aria-label=\"Gemischter Chor Viva la musica Hohenwarthe e.V. (\u00f6ffnet in neuem Tab)\" href=\"https:\/\/sk-elbe-havel.de\/?page_id=138\" target=\"_blank\" rel=\"noreferrer noopener\">Gemischter Chor &#8222;viva la musica&#8220; Hohenwarthe e.V.<\/a><\/li>\n<\/ul>\n\n\n\n<h2 class=\"wp-block-heading\">SK-Elbe-Havel Bezirk<\/h2>\n\n\n<p><img fetchpriority=\"high\" decoding=\"async\" width=\"448\" height=\"322\" src=\"https:\/\/sk-elbe-havel.de\/wp-content\/uploads\/2019\/06\/karte.jpg\" alt=\"\" srcset=\"https:\/\/sk-elbe-havel.de\/wp-content\/uploads\/2019\/06\/karte.jpg 448w, https:\/\/sk-elbe-havel.de\/wp-content\/uploads\/2019\/06\/karte-300x216.jpg 300w\" sizes=\"(max-width: 448px) 85vw, 448px\" \/><br \/>\n\t\t\tQuelle Routenplan auf Google Maps<\/p>","protected":false},"excerpt":{"rendered":"<p>Chorkreis Elbe-Havel Frauench\u00f6re M\u00e4nnerch\u00f6re Gemischte Ch\u00f6re SK-Elbe-Havel Bezirk Quelle Routenplan auf Google Maps<\/p>\n","protected":false},"author":1,"featured_media":0,"parent":0,"menu_order":0,"comment_status":"closed","ping_status":"closed","template":"","meta":{"ngg_post_thumbnail":0,"footnotes":""},"class_list":["post-76","page","type-page","status-publish","hentry"],"_links":{"self":[{"href":"https:\/\/sk-elbe-havel.de\/index.php?rest_route=\/wp\/v2\/pages\/76","targetHints":{"allow":["GET"]}}],"collection":[{"href":"https:\/\/sk-elbe-havel.de\/index.php?rest_route=\/wp\/v2\/pages"}],"about":[{"href":"https:\/\/sk-elbe-havel.de\/index.php?rest_route=\/wp\/v2\/types\/page"}],"author":[{"embeddable":true,"href":"https:\/\/sk-elbe-havel.de\/index.php?rest_route=\/wp\/v2\/users\/1"}],"replies":[{"embeddable":true,"href":"https:\/\/sk-elbe-havel.de\/index.php?rest_route=%2Fwp%2Fv2%2Fcomments&post=76"}],"version-history":[{"count":45,"href":"https:\/\/sk-elbe-havel.de\/index.php?rest_route=\/wp\/v2\/pages\/76\/revisions"}],"predecessor-version":[{"id":1245,"href":"https:\/\/sk-elbe-havel.de\/index.php?rest_route=\/wp\/v2\/pages\/76\/revisions\/1245"}],"wp:attachment":[{"href":"https:\/\/sk-elbe-havel.de\/index.php?rest_route=%2Fwp%2Fv2%2Fmedia&parent=76"}],"curies":[{"name":"wp","href":"https:\/\/api.w.org\/{rel}","templated":true}]}}