{"id":736,"date":"2022-03-11T18:55:48","date_gmt":"2022-03-11T17:55:48","guid":{"rendered":"https:\/\/sk-elbe-havel.de\/?page_id=736"},"modified":"2026-02-08T15:32:15","modified_gmt":"2026-02-08T14:32:15","slug":"veranstaltungskalender","status":"publish","type":"page","link":"https:\/\/sk-elbe-havel.de\/?page_id=736","title":{"rendered":"Veranstaltungskalender"},"content":{"rendered":"\t\t<div data-elementor-type=\"wp-page\" data-elementor-id=\"736\" class=\"elementor elementor-736\">\n\t\t\t\t\t\t<section class=\"elementor-section elementor-top-section elementor-element elementor-element-dd089ef elementor-section-boxed elementor-section-height-default elementor-section-height-default\" data-id=\"dd089ef\" data-element_type=\"section\" data-e-type=\"section\">\n\t\t\t\t\t\t<div class=\"elementor-container elementor-column-gap-default\">\n\t\t\t\t\t<div class=\"elementor-column elementor-col-100 elementor-top-column elementor-element elementor-element-8b85ad0\" data-id=\"8b85ad0\" data-element_type=\"column\" data-e-type=\"column\">\n\t\t\t<div class=\"elementor-widget-wrap elementor-element-populated\">\n\t\t\t\t\t\t<div class=\"elementor-element elementor-element-e23362e elementor-widget elementor-widget-wp-widget-mec_mec_widget\" data-id=\"e23362e\" data-element_type=\"widget\" data-e-type=\"widget\" data-widget_type=\"wp-widget-mec_mec_widget.default\">\n\t\t\t\t<div class=\"elementor-widget-container\">\n\t\t\t\t\t<div class=\"mec-wrap mec-skin-list-container mec-widget  \" id=\"mec_skin_769\">\r\n    \r\n    \r\n            <div class=\"mec-skin-list-events-container\" id=\"mec_skin_events_769\">\r\n        <div class=\"mec-wrap \">\r\n\t<div class=\"mec-event-list-classic\">\r\n\t\t\r\n                        <div class=\"mec-month-divider\" data-toggle-divider=\"mec-toggle-202606-769\"><span>Juni 2026<\/span><i class=\"mec-sl-arrow-down\"><\/i><\/div>\r\n            \r\n                    <script type=\"application\/ld+json\">\r\n        {\r\n            \"@context\": \"http:\/\/schema.org\",\r\n            \"@type\": \"Event\",\r\n            \"eventStatus\": \"https:\/\/schema.org\/EventScheduled\",\r\n            \"startDate\": \"2026-06-27\",\r\n            \"endDate\": \"2026-06-27\",\r\n            \"eventAttendanceMode\": \"https:\/\/schema.org\/OfflineEventAttendanceMode\",\r\n            \"location\":\r\n            {\r\n                \"@type\": \"Place\",\r\n                                \"name\": \"Klosterkirche Jerichow\",\r\n                \"image\": \"\",\r\n                \"address\": \"Jerichow\"\r\n                            },\r\n            \"organizer\":\r\n            {\r\n                \"@type\": \"Person\",\r\n                \"name\": \"S\u00e4ngerkreis Elbe-Havel e.V.\",\r\n                \"url\": \"\"\r\n            },\r\n            \"offers\":\r\n            {\r\n                \"url\": \"https:\/\/sk-elbe-havel.de\/?mec-events=49-volkkuenstlerisches-chorkonzert-klosterkirche-zu-jerichow-10-juni-2023-443-107-231\",\r\n                \"price\": \"15,00 \u20ac\",\r\n                \"priceCurrency\": \"EUR\",\r\n                \"availability\": \"https:\/\/schema.org\/InStock\",\r\n                \"validFrom\": \"2026-06-27T00:00\"\r\n            },\r\n            \"performer\": \"\",\r\n            \"description\": \"&lt;h5&gt;&lt;strong&gt;Der S\u00e4ngerkreis Elbe-Havel e.V. im Chorverband Sachsen-Anhalt l\u00e4dt Sie&lt;\/strong&gt;&lt;\/h5&gt; &lt;p&gt;zum     &lt;strong&gt;52. Volksk\u00fcnstlerisches Chorkonzert&lt;br \/&gt;&lt;\/strong&gt;am       &lt;strong&gt;27. Juni 2026&lt;br \/&gt;&lt;\/strong&gt;um       &lt;strong&gt;14:30Uhr&lt;br \/&gt;&lt;\/strong&gt;im         &lt;strong&gt;Kloster Jerichow&lt;br \/&gt;&lt;\/strong&gt;in der   &lt;strong&gt;Klosterkirche&lt;\/strong&gt; ein.&lt;\/p&gt; &lt;p&gt;Einlass ab    &lt;strong&gt;14:00 Uhr &lt;\/strong&gt;&lt;\/p&gt; &lt;p&gt;Hinweise zum Einlass bitte beachten!&lt;\/p&gt; &lt;p&gt;Unter der Mitwirkung der im S\u00e4ngerkreis Elbe-Havel beteiligten Ch\u00f6re.&lt;\/p&gt; &lt;p&gt;Auch in diesem Jahr m\u00f6chten wir die neue Form der Gestaltung fortf\u00fchren mit gemeinsamen Auftritten aller beteiligten Ch\u00f6re. &lt;\/p&gt; &lt;p&gt;Unter dem Thema in diesem Jahr &lt;\/p&gt; &lt;h3&gt;&lt;strong&gt;Die Musikalische Weltreise&lt;\/strong&gt;&lt;\/h3&gt; &lt;p&gt;werden Bandbreite von den Liedern aus Deutschland und der ganzen Welt umfassen. Hierbei auch in den Landessprachen der Ursprungsl\u00e4ndern.&lt;\/p&gt; &lt;p&gt;Wir freuen uns sehr darauf, Sie beim Konzert in Jerichow zu begr\u00fc\u00dfen und Ihnen einen bewegenden und unterhaltsamen Nachmittag zu bereiten.&lt;\/p&gt; &lt;p&gt;Vielen Dank&lt;\/p&gt; &lt;p&gt;&lt;strong&gt;S\u00e4ngerkreis Elbe-Havel e.V.&lt;\/strong&gt;&lt;\/p&gt; &lt;p&gt;Der Vorstand&lt;\/p&gt; &lt;div class=&quot;figure&quot;&gt;&lt;img fetchpriority=&quot;high&quot; decoding=&quot;async&quot; width=&quot;840&quot; height=&quot;738&quot; src=&quot;https:\/\/sk-elbe-havel.de\/wp-content\/uploads\/2024\/05\/PHOTO-2024-02-18-16-47-19-e1714590081422-1166x1024.jpg&quot; alt=&quot;&quot; srcset=&quot;https:\/\/sk-elbe-havel.de\/wp-content\/uploads\/2024\/05\/PHOTO-2024-02-18-16-47-19-e1714590081422-1166x1024.jpg 1166w, https:\/\/sk-elbe-havel.de\/wp-content\/uploads\/2024\/05\/PHOTO-2024-02-18-16-47-19-e1714590081422-300x264.jpg 300w, https:\/\/sk-elbe-havel.de\/wp-content\/uploads\/2024\/05\/PHOTO-2024-02-18-16-47-19-e1714590081422-768x675.jpg 768w, https:\/\/sk-elbe-havel.de\/wp-content\/uploads\/2024\/05\/PHOTO-2024-02-18-16-47-19-e1714590081422.jpg 1186w&quot; sizes=&quot;(max-width: 709px) 85vw, (max-width: 909px) 67vw, (max-width: 1362px) 62vw, 840px&quot; \/&gt;&lt;\/div&gt; &lt;h2&gt;Kartenverkauf&lt;\/h2&gt; &lt;p&gt;Mit dem nachfolgenden Formular m\u00f6chten wir Ihnen die M\u00f6glichkeit f\u00fcr die Bestellung von Konzertkarten erm\u00f6glichen. &lt;\/p&gt; &lt;p&gt;Bitte tragen sie die Informationen ein und zum Abschlu\u00df senden Sie uns die Bestellung mit dem Dr\u00fccken der \u00dcBERMITTLEN Fl\u00e4che.&lt;\/p&gt; &lt;p&gt;Der Verkaufspreis (15,00 \u20ac pro Karte) ist als \u00dcberweisung auf folgendes Konto durchzuf\u00fchren:&lt;\/p&gt; &lt;h3&gt;&lt;b&gt;IBAN  DE51810532720502008644&lt;\/b&gt; &lt;\/h3&gt; &lt;p&gt;Um die \u00dcberweisung eindeutig zuordnen zu k\u00f6nnen tragen Sie bitte als \u00dcberweisungshinweis die folgenden Informationen ein:&lt;\/p&gt; &lt;p&gt;&lt;strong&gt;Vorname Nachnamen. PLZ ORT &lt;\/strong&gt;&#8211; .. &lt;strong&gt;KONZERTKARTEN  28.05.2025 &lt;\/strong&gt;&lt;\/p&gt; &lt;p&gt;Nach der Bestellung erhalten Sie an die eingetragene Emailadresse eine Best\u00e4tigung  von&lt;\/p&gt; &lt;h3&gt;&lt;strong&gt;ORDER@SK-ELBE-HAVEL.DE&lt;\/strong&gt;&lt;\/h3&gt; &lt;p&gt;Sollten Sie diese nicht erhalten, senden Sie uns bitte eine Email mit den von Ihnen gemachten Angaben und notwendigen Korrekturen. &lt;\/p&gt; &lt;p&gt;        Danke f\u00fcr Ihre Bestellung. Wir werden diese zeitnah bearbeiten und Ihnen eine R\u00fcckmeldung hierzu geben. Wenn der Vorauszahlungsbetrag auf dem Konto IBAN DE51810532720502008644 eingegangen ist, erhalten Sie die Karten zugesendet an die eingetragene Adresse. Mit freundlichen Gr\u00fc\u00dfen S\u00e4ngerkreis Elbe-Havel e.V. Der Vorstand&lt;\/p&gt; &lt;form name=&quot;cp_contactformtoemail_pform_1&quot; id=&quot;cp_contactformtoemail_pform_1&quot; action=&quot;&quot; method=&quot;post&quot; enctype=&quot;multipart\/form-data&quot; onsubmit=&quot;return cp_contactformtoemail_pform_doValidate_1(this);&quot;&gt;&lt;input type=&quot;hidden&quot; name=&quot;cp_pform_psequence&quot; value=&quot;_1&quot; \/&gt;&lt;input type=&quot;hidden&quot; name=&quot;cp_contactformtoemail_pform_process&quot; value=&quot;1&quot; \/&gt;&lt;input type=&quot;hidden&quot; name=&quot;cp_contactformtoemail_id&quot; value=&quot;2&quot; \/&gt;&lt;input type=&quot;hidden&quot; name=&quot;cp_ref_page&quot; value=&quot;&quot; \/&gt;&lt;input type=&quot;hidden&quot; name=&quot;form_structure_1&quot; id=&quot;form_structure_1&quot; size=&quot;180&quot; value=&quot;[[{&quot;name&quot;:&quot;fieldname2&quot;,&quot;index&quot;:0,&quot;title&quot;:&quot;Konzertkarten&quot;,&quot;shortlabel&quot;:&quot;Bitte tragen Sie die gewu00fcnschte Menge an Karten als Ziffer in das nachfolgende Feld. - Bitte tragen Sie in die nachfolgenden Felder die gewu00fcnschte Anzahl von Konzertkarten ein und versenden Sie dann mit senden dies Nachricht an uns - &quot;,&quot;size&quot;:&quot;large&quot;,&quot;required&quot;:true,&quot;minlength&quot;:&quot;1&quot;,&quot;maxlength&quot;:&quot;2&quot;,&quot;predefined&quot;:&quot;Kauf: Anzahl zu 15 u20ac pro Karte - Konto IBAN DE51810532720502008644 &quot;,&quot;predefinedClick&quot;:true,&quot;userhelp&quot;:&quot;Bitte geben Sie hier nur Zahlen ein nz.B.  1noder eine entsprechende Menge die Sie wu00fcnschen.&quot;,&quot;ftype&quot;:&quot;ftext&quot;,&quot;userhelpTooltip&quot;:&quot;&quot;,&quot;csslayout&quot;:&quot;&quot;,&quot;equalTo&quot;:&quot;&quot;},{&quot;name&quot;:&quot;fieldname3&quot;,&quot;index&quot;:1,&quot;title&quot;:&quot;Absenderadresse&quot;,&quot;shortlabel&quot;:&quot;Absender&quot;,&quot;size&quot;:&quot;large&quot;,&quot;required&quot;:true,&quot;minlength&quot;:&quot;15&quot;,&quot;maxlength&quot;:&quot;1000&quot;,&quot;predefined&quot;:&quot;Anschrift fu00fcr die Zusendung&quot;,&quot;userhelp&quot;:&quot;Bitte geben Sie hier Ihre Adressdaten ein, wie sie auch auf dem u00dcberweisungstru00e4ger vermerkt werden muss:n&gt;&gt;&gt;     Vorname Name - Strau00dfe Hausnummer - PLZ Ort  - Karten Menge  &lt;&lt;&lt;&quot;,&quot;ftype&quot;:&quot;ftext&quot;,&quot;userhelpTooltip&quot;:&quot;&quot;,&quot;csslayout&quot;:&quot;&quot;,&quot;predefinedClick&quot;:true,&quot;equalTo&quot;:&quot;&quot;},{&quot;name&quot;:&quot;fieldname4&quot;,&quot;index&quot;:2,&quot;title&quot;:&quot;Telefonnummer&quot;,&quot;predefined&quot;:&quot;(Vorwahl) Rufnummer&quot;,&quot;userhelp&quot;:&quot;(Vorwahl) Rufnummer - Fu00fcr mu00f6gliche Ru00fcckfragen bitte eine Telefonnummer dazu eingeben. &quot;,&quot;shortlabel&quot;:&quot;&quot;,&quot;ftype&quot;:&quot;ftext&quot;,&quot;userhelpTooltip&quot;:&quot;&quot;,&quot;csslayout&quot;:&quot;&quot;,&quot;predefinedClick&quot;:true,&quot;required&quot;:true,&quot;size&quot;:&quot;medium&quot;,&quot;minlength&quot;:&quot;9&quot;,&quot;maxlength&quot;:&quot;25&quot;,&quot;equalTo&quot;:&quot;&quot;},{&quot;name&quot;:&quot;email&quot;,&quot;index&quot;:3,&quot;title&quot;:&quot;Email Adresse&quot;,&quot;ftype&quot;:&quot;femail&quot;,&quot;userhelp&quot;:&quot;Bitte geben Sie uns Ihre Email Adresse fu00fcr die spu00e4tere Ru00fcckmeldung auf Ihrer Anfrage an. nAnderenfalls ku00f6nnen wir leider Ihre Frage nicht beantworten. &quot;,&quot;csslayout&quot;:&quot;&quot;,&quot;required&quot;:true,&quot;predefined&quot;:&quot;email@provider&quot;,&quot;size&quot;:&quot;medium&quot;,&quot;shortlabel&quot;:&quot;Email-Absender&quot;,&quot;userhelpTooltip&quot;:&quot;&quot;,&quot;predefinedClick&quot;:true,&quot;equalTo&quot;:&quot;&quot;},{&quot;name&quot;:&quot;fieldname1&quot;,&quot;index&quot;:4,&quot;title&quot;:&quot;Anerkennen der Datenschutzinformation und -vereinbarungen&quot;,&quot;value&quot;:&quot;Ich stimme den Datenschutzinformationen und -vereinbarungen zu&quot;,&quot;url&quot;:&quot;https:\/\/sk-elbe-havel.de\/skeh\/index.php\/privacy-policy\/&quot;,&quot;userhelp&quot;:&quot;Bei Fragen ku00f6nnen Sie die Informationen in unserem SK-Elbe-Havel.de Impressum einsehen. &quot;,&quot;shortlabel&quot;:&quot;&quot;,&quot;ftype&quot;:&quot;facceptance&quot;,&quot;userhelpTooltip&quot;:&quot;&quot;,&quot;csslayout&quot;:&quot;&quot;,&quot;required&quot;:true,&quot;message&quot;:&quot;&quot;}],[{&quot;title&quot;:&quot;Konzertkarten Bestellung&quot;,&quot;description&quot;:&quot; - Empfu00e4nger SK-Elbe-Havel e.V. - &quot;,&quot;formlayout&quot;:&quot;top_aligned&quot;}]]&quot; \/&gt;&lt;input type=&quot;hidden&quot; name=&quot;refpage_1&quot; id=&quot;refpage_1&quot; value=&quot;&quot;&gt;&lt;input type=&quot;hidden&quot; name=&quot;cp_contactformtoemail_pform_status&quot; value=&quot;0&quot; \/&gt;&lt;input name=&quot;anonce&quot; type=&quot;hidden&quot; value=&quot;12dfc494e9&quot;\/&gt;&lt;input name=&quot;cftehp&quot; id=&quot;cftehp_1&quot; type=&quot;hidden&quot; value=&quot;1&quot;\/&gt;&lt;\/p&gt; &lt;fieldset style=&quot;border: 1px solid black; -webkit-border-radius: 8px; -moz-border-radius: 8px; border-radius: 8px; padding:15px;&quot;&gt; &lt;legend&gt;Administrator options&lt;\/legend&gt; &lt;p&gt;    &lt;input type=&quot;checkbox&quot; name=&quot;sendemails_admin&quot; value=&quot;1&quot; vt=&quot;1&quot; \/&gt; Send notification emails for this booking&lt;\/p&gt; &lt;\/fieldset&gt; &lt;p&gt;&lt;input name=&quot;cftecontrolmessage&quot; type=&quot;text&quot; value=&quot;&quot;\/&gt;&lt;br \/&gt; \u00dcbermitteln&lt;br \/&gt; &lt;\/form&gt; \",\r\n            \"image\": \"\",\r\n            \"name\": \"52. Volksk\u00fcnstlerisches Chorkonzert &#8211; Klosterkirche zu Jerichow &#8211; 27. Juni 2026\",\r\n            \"url\": \"https:\/\/sk-elbe-havel.de\/?mec-events=49-volkkuenstlerisches-chorkonzert-klosterkirche-zu-jerichow-10-juni-2023-443-107-231\"\r\n        }\r\n        <\/script>\r\n                    <article class=\"mec-event-article  mec-clear  mec-divider-toggle mec-toggle-202606-769\" itemscope>\r\n                                    <div class=\"mec-event-image\"><a class=\"mec-color-hover\"  data-event-id=\"1363\" href=\"https:\/\/sk-elbe-havel.de\/?mec-events=49-volkkuenstlerisches-chorkonzert-klosterkirche-zu-jerichow-10-juni-2023-443-107-231\" target=\"_self\" rel=\"noopener\"><\/a><\/div>\r\n                                            <div class=\"mec-event-date mec-color\"><i class=\"mec-sl-calendar\"><\/i> Juni 27 2026<\/div>\r\n                                                                                <h4 class=\"mec-event-title\"><a class=\"mec-color-hover\"  data-event-id=\"1363\" href=\"https:\/\/sk-elbe-havel.de\/?mec-events=49-volkkuenstlerisches-chorkonzert-klosterkirche-zu-jerichow-10-juni-2023-443-107-231\" target=\"_self\" rel=\"noopener\">52. Volksk\u00fcnstlerisches Chorkonzert &#8211; Klosterkirche zu Jerichow &#8211; 27. Juni 2026<\/a><span class=\"event-color\" style=\"background: #\"><\/span><\/h4>\r\n                    <div class=\"mec-event-detail\"><div class=\"mec-event-loc-place\"><i class=\"mec-sl-map-marker\"><\/i> Klosterkirche Jerichow<\/div><\/div>                                                                                                            <\/article>\r\n            \t\t\t<\/div>\r\n<\/div>\r\n\r\n    <\/div>\r\n    <div class=\"mec-skin-list-no-events-container mec-util-hidden\" id=\"mec_skin_no_events_769\">\r\n        Keine Veranstaltung gefunden!    <\/div>\r\n        \r\n        \r\n<\/div>\t\t\t\t<\/div>\n\t\t\t\t<\/div>\n\t\t\t\t\t<\/div>\n\t\t<\/div>\n\t\t\t\t\t<\/div>\n\t\t<\/section>\n\t\t\t\t<\/div>\n\t\t","protected":false},"excerpt":{"rendered":"","protected":false},"author":3,"featured_media":0,"parent":0,"menu_order":0,"comment_status":"closed","ping_status":"closed","template":"","meta":{"ngg_post_thumbnail":0,"footnotes":""},"class_list":["post-736","page","type-page","status-publish","hentry"],"_links":{"self":[{"href":"https:\/\/sk-elbe-havel.de\/index.php?rest_route=\/wp\/v2\/pages\/736","targetHints":{"allow":["GET"]}}],"collection":[{"href":"https:\/\/sk-elbe-havel.de\/index.php?rest_route=\/wp\/v2\/pages"}],"about":[{"href":"https:\/\/sk-elbe-havel.de\/index.php?rest_route=\/wp\/v2\/types\/page"}],"author":[{"embeddable":true,"href":"https:\/\/sk-elbe-havel.de\/index.php?rest_route=\/wp\/v2\/users\/3"}],"replies":[{"embeddable":true,"href":"https:\/\/sk-elbe-havel.de\/index.php?rest_route=%2Fwp%2Fv2%2Fcomments&post=736"}],"version-history":[{"count":22,"href":"https:\/\/sk-elbe-havel.de\/index.php?rest_route=\/wp\/v2\/pages\/736\/revisions"}],"predecessor-version":[{"id":1407,"href":"https:\/\/sk-elbe-havel.de\/index.php?rest_route=\/wp\/v2\/pages\/736\/revisions\/1407"}],"wp:attachment":[{"href":"https:\/\/sk-elbe-havel.de\/index.php?rest_route=%2Fwp%2Fv2%2Fmedia&parent=736"}],"curies":[{"name":"wp","href":"https:\/\/api.w.org\/{rel}","templated":true}]}}