{"id":62,"date":"2019-03-10T01:19:25","date_gmt":"2019-03-10T00:19:25","guid":{"rendered":"https:\/\/xn--sngerkreis-elbe-havel-51b.de\/skeh\/?page_id=62"},"modified":"2026-02-08T15:33:03","modified_gmt":"2026-02-08T14:33:03","slug":"startseite","status":"publish","type":"page","link":"https:\/\/sk-elbe-havel.de\/","title":{"rendered":"Startseite"},"content":{"rendered":"<h2>\u00dcber uns:<\/h2>\n<p>Am 19.11.1993 trafen sich Vertreter der Mitgliedsch\u00f6re im Klubraum des \u201eKultur- und Freizeitzentrum<br \/>S\u00fcd V\u00a0 e. V. Genthin\u201c und gr\u00fcndeten den S\u00e4ngerkreis Elbe \u2013 Havel e.V. Ein guter Name; weil unser S\u00e4ngerkreis im weitesten Sinne die Chorarbeit entlang von Elbe und Havel umfasst und \u00fcber politische Territorien hinweg seine T\u00e4tigkeit wahrnimmt.\u00a0<\/p>\n<p>Mit dem Jahresbeginn 2026 durfte sich der S\u00e4ngerkreis um weitere Ch\u00f6re in seinem Zust\u00e4ndigkeitsbereich erg\u00e4nzen. Mit dem Eintritt von Ch\u00f6ren des ehemaligen S\u00e4ngerkreis Anhalt-Dessau zum S\u00e4ngerkreis Elbe-Havel freuen wir uns \u00fcber die 5 weiteren Ch\u00f6re bei uns.\u00a0<\/p>\n<p>Damit ist die Anzahl der aktiven Ch\u00f6re im S\u00e4ngerkreis Elbe-Havel e.V. bei 17 aktiven Ch\u00f6ren. Eine gro\u00dfe Anzahl f\u00f6rdernder Mitglieder unterst\u00fctzt die Arbeit der Ch\u00f6re\u00a0mit ihrem Einsatz\u00a0und mit finanzieller Unterst\u00fctzung. Unsere Aufgabe ist es den Chorgesang und die Gemeinschaft der Singenden zu f\u00f6rdern.\u00a0\u00a0Ein fester Termin in unserem Veranstaltungskalender ist unter anderem das bereits seit Jahren sehr bekannte \u201eVolksk\u00fcnstlerische Konzert des S\u00e4ngerkreis Elbe-Havel e.V.\u201c im Kloster Jerichow. Das Bestehen dieser Konzertreihe seit \u00fcber 50 Jahren macht uns sehr stolz. Dar\u00fcber hinaus haben wir den Wechsel in die moderne und bekannte Musik vollzogen. Was sich an dem stetig steigenden Interesse seit dem 50. Jubil\u00e4um erfreulich zeigt.\u00a0<\/p>\n<p>Durch die neuen Ch\u00f6re im S\u00e4ngerkreis haben wir eine gro\u00dfe Tradition aus der Region Zerbst und Dessau-Rosslau dazu gewonnen. Wo wir die dort lange Jahre bekannten Konzertreihen der Ch\u00f6re mit unserem Einsatz nach Kr\u00e4ften unterst\u00fctzen wollen. Damit Sie Ihren Auftritt in der Region weiter festigen und bestehen k\u00f6nnen mit der Hilfe durch den Chorverband Sachsen-Anhalt.\u00a0<\/p>\n<p>Dar\u00fcber hinaus organisieren wir geeignete Veranstaltungen um unseren Mitgliedsch\u00f6ren Wirkungsm\u00f6glichkeiten zu schaffen und die Popularit\u00e4t und Breitenwirkung des Chorgesangs in der Region zu f\u00f6rdern. Dazu z\u00e4hlt auch das S\u00e4ngertreffen, welches der S\u00e4ngerkreis immer im Sp\u00e4tsommer organisiert.<\/p>\n<p>Singen hat einen positiven Einfluss auf den K\u00f6rper und die Seele. Es ist eine Freude mit anderen gemeinsam zu singen. Der Zusammenhalt zwischen den Generationen wird durch gemeinsames Singen gest\u00e4rkt.\u00a0<\/p>\n<p>Nach unserer \u00dcberzeugung ist das eine besonders sch\u00f6ne Art und Weise JA zum Leben zu sagen.<\/p>\n<p>\t\t\t\t\t\t\t\t\t\t\t\t\t\t\t<img fetchpriority=\"high\" decoding=\"async\" width=\"840\" height=\"427\" src=\"https:\/\/sk-elbe-havel.de\/wp-content\/uploads\/2026\/02\/Nachruf-Thomas-Schoebel-08.02.2026-1600x813.png\" alt=\"\" srcset=\"https:\/\/sk-elbe-havel.de\/wp-content\/uploads\/2026\/02\/Nachruf-Thomas-Schoebel-08.02.2026-1600x813.png 1600w, https:\/\/sk-elbe-havel.de\/wp-content\/uploads\/2026\/02\/Nachruf-Thomas-Schoebel-08.02.2026-300x152.png 300w, https:\/\/sk-elbe-havel.de\/wp-content\/uploads\/2026\/02\/Nachruf-Thomas-Schoebel-08.02.2026-768x390.png 768w, https:\/\/sk-elbe-havel.de\/wp-content\/uploads\/2026\/02\/Nachruf-Thomas-Schoebel-08.02.2026-1536x780.png 1536w, https:\/\/sk-elbe-havel.de\/wp-content\/uploads\/2026\/02\/Nachruf-Thomas-Schoebel-08.02.2026-2048x1040.png 2048w, https:\/\/sk-elbe-havel.de\/wp-content\/uploads\/2026\/02\/Nachruf-Thomas-Schoebel-08.02.2026-1200x609.png 1200w\" sizes=\"(max-width: 709px) 85vw, (max-width: 909px) 67vw, (max-width: 1362px) 62vw, 840px\" \/><\/p>\n","protected":false},"excerpt":{"rendered":"<p>\u00dcber uns: Am 19.11.1993 trafen sich Vertreter der Mitgliedsch\u00f6re im Klubraum des \u201eKultur- und FreizeitzentrumS\u00fcd V\u00a0 e. V. Genthin\u201c und gr\u00fcndeten den S\u00e4ngerkreis Elbe \u2013 Havel e.V. Ein guter Name; weil unser S\u00e4ngerkreis im weitesten Sinne die Chorarbeit entlang von Elbe und Havel umfasst und \u00fcber politische Territorien hinweg seine T\u00e4tigkeit wahrnimmt.\u00a0 Mit dem Jahresbeginn &hellip; <a href=\"https:\/\/sk-elbe-havel.de\/\" class=\"more-link\"><span class=\"screen-reader-text\">\u201eStartseite\u201c <\/span>weiterlesen<\/a><\/p>\n","protected":false},"author":1,"featured_media":0,"parent":0,"menu_order":0,"comment_status":"closed","ping_status":"closed","template":"elementor_header_footer","meta":{"ngg_post_thumbnail":0,"footnotes":""},"class_list":["post-62","page","type-page","status-publish","hentry"],"_links":{"self":[{"href":"https:\/\/sk-elbe-havel.de\/index.php?rest_route=\/wp\/v2\/pages\/62","targetHints":{"allow":["GET"]}}],"collection":[{"href":"https:\/\/sk-elbe-havel.de\/index.php?rest_route=\/wp\/v2\/pages"}],"about":[{"href":"https:\/\/sk-elbe-havel.de\/index.php?rest_route=\/wp\/v2\/types\/page"}],"author":[{"embeddable":true,"href":"https:\/\/sk-elbe-havel.de\/index.php?rest_route=\/wp\/v2\/users\/1"}],"replies":[{"embeddable":true,"href":"https:\/\/sk-elbe-havel.de\/index.php?rest_route=%2Fwp%2Fv2%2Fcomments&post=62"}],"version-history":[{"count":27,"href":"https:\/\/sk-elbe-havel.de\/index.php?rest_route=\/wp\/v2\/pages\/62\/revisions"}],"predecessor-version":[{"id":1403,"href":"https:\/\/sk-elbe-havel.de\/index.php?rest_route=\/wp\/v2\/pages\/62\/revisions\/1403"}],"wp:attachment":[{"href":"https:\/\/sk-elbe-havel.de\/index.php?rest_route=%2Fwp%2Fv2%2Fmedia&parent=62"}],"curies":[{"name":"wp","href":"https:\/\/api.w.org\/{rel}","templated":true}]}}