{"id":3,"date":"2019-03-09T23:31:43","date_gmt":"2019-03-09T23:31:43","guid":{"rendered":"https:\/\/xn--sngerkreis-elbe-havel-51b.de\/skeh\/?page_id=3"},"modified":"2024-11-09T00:18:51","modified_gmt":"2024-11-08T23:18:51","slug":"privacy-policy","status":"publish","type":"page","link":"https:\/\/sk-elbe-havel.de\/?page_id=3","title":{"rendered":"Impressum"},"content":{"rendered":"\t\t<div data-elementor-type=\"wp-post\" data-elementor-id=\"3\" class=\"elementor elementor-3\">\n\t\t\t\t\t\t<section class=\"elementor-section elementor-top-section elementor-element elementor-element-5be74d3 elementor-section-boxed elementor-section-height-default elementor-section-height-default\" data-id=\"5be74d3\" data-element_type=\"section\" data-e-type=\"section\">\n\t\t\t\t\t\t<div class=\"elementor-container elementor-column-gap-default\">\n\t\t\t\t\t<div class=\"elementor-column elementor-col-100 elementor-top-column elementor-element elementor-element-3f9ee1\" data-id=\"3f9ee1\" data-element_type=\"column\" data-e-type=\"column\">\n\t\t\t<div class=\"elementor-widget-wrap elementor-element-populated\">\n\t\t\t\t\t\t<div class=\"elementor-element elementor-element-3863fac6 elementor-widget elementor-widget-text-editor\" data-id=\"3863fac6\" data-element_type=\"widget\" data-e-type=\"widget\" data-widget_type=\"text-editor.default\">\n\t\t\t\t<div class=\"elementor-widget-container\">\n\t\t\t\t\t\t\t\t\t<p><\/p>\n<p>Die Seite von dem<strong> S\u00e4ngerkreis Elbe-Havel e.V.<\/strong> wird von zwei Personen betreut.<\/p>\n<p>F\u00fcr den Inhalt kontaktieren Sie bitte Herrn <strong>Martin Schultze<\/strong>.<\/p>\n<p>F\u00fcr den Design und irgendwelche Probleme nehmen Sie bitte Kontakt mit dem <strong>Webadministrator<\/strong>.<\/p>\n<p>Die Kontaktm\u00f6glichkeiten sind Unten angegeben.<\/p>\n<p><\/p>\n<h5><strong>Angaben gem\u00e4\u00df \u00a7 5 TMG:<\/strong><\/h5>\n<p><\/p>\n<p>S\u00e4ngerkreis Elbe-Havel e.V.<br \/>Alte Frose 40<br \/>D-39291 M\u00f6ckern \/ OT Hohenziatz<br \/>Telefon: +49 (0)39226 &#8211; 66013<br \/>EMail: Martin.Schultze@sk-elbe-havel.de<\/p>\n<p><\/p>\n<h5><strong>Webmaster:<\/strong><\/h5>\n<p>Dirk Linnemann<br \/>2. Vorsitzender \/ WebAdministrator<br \/>Telefon: +49 (0)3933 \u2013 9489162<br \/>EMail: Dirk.Linnemann@sk-elbe-havel.de<\/p>\n<p><\/p>\n<h3 class=\"wp-block-heading\"><strong>Vertreten durch:<\/strong><\/h3>\n<h3><strong>1. Vorsitzender<br \/><\/strong><\/h3>\n<p><\/p>\n<p>Martin Schultze<br \/>Alte Frose 40<br \/>D-39291 M\u00f6ckern \/ OT Hohenziatz<br \/>Tel: 039226\/66013<br \/>EMail: Martin.Schultze@sk-elbe-havel.de<\/p>\n<p><\/p>\n<h3 class=\"wp-block-heading\"><strong>Haftungsausschluss (Disclaimer)<\/strong><\/h3>\n<p><\/p>\n<h4><strong>Haftung f\u00fcr Inhalte<\/strong><\/h4>\n<p><\/p>\n<p>Als S\u00e4ngerkreis sind wir gem\u00e4\u00df \u00a7 7 Abs.1 TMG f\u00fcr eigene Inhalte auf diesen Seiten nach den allgemeinen Gesetzen verantwortlich. Nach \u00a7\u00a7 8 bis 10 TMG sind wir als Diensteanbieter jedoch nicht verpflichtet, \u00fcbermittelte oder gespeicherte fremde Informationen zu \u00fcberwachen oder nach Umst\u00e4nden zu forschen, die auf eine rechtswidrige T\u00e4tigkeit hinweisen.<\/p>\n<p>Verpflichtungen zur Entfernung oder Sperrung der Nutzung von Informationen nach den allgemeinen Gesetzen bleiben hiervon unber\u00fchrt.<\/p>\n<p>Eine diesbez\u00fcgliche Haftung ist jedoch erst ab dem Zeitpunkt der Kenntnis einer konkreten Rechtsverletzung m\u00f6glich. Bei Bekanntwerden von entsprechenden Rechtsverletzungen werden wir diese Inhalte umgehend entfernen.<\/p>\n<p>Der S\u00e4ngerkreis \u00fcbernimmt keine Haftung f\u00fcr widerrechtlich zur Ver\u00f6ffentlichung oder mit unrichtigen Daten eingereichtes Material.<\/p>\n<p><\/p>\n<h4><strong>Haftung f\u00fcr Links<\/strong><\/h4>\n<p><\/p>\n<p>Unser Angebot enth\u00e4lt Links zu externen Webseiten Dritter, auf deren Inhalte wir keinen Einfluss haben. Deshalb k\u00f6nnen wir f\u00fcr diese fremden Inhalte auch keine Gew\u00e4hr \u00fcbernehmen. F\u00fcr die Inhalte der verlinkten Seiten ist stets der jeweilige Anbieter oder Betreiber der Seiten verantwortlich.<\/p>\n<p>Eine permanente inhaltliche Kontrolle der verlinkten Seiten ist jedoch ohne konkrete Anhaltspunkte einer Rechtsverletzung nicht zumutbar. Bei Bekanntwerden von Rechtsverletzungen werden wir derartige Links umgehend entfernen.<\/p>\n<p><\/p>\n<p>Mit Urteil vom 12. Mai 1998 \u2013 312 O 85\/98 \u2013 \u201cHaftung f\u00fcr Links\u201d hat das Landgericht Hamburg entschieden, dass\u00a0man durch die Erstellung eines Links, die Inhalte der gelinkten Seite ggf. mit zu verantworten hat. Dies kann \u2013 so das Gericht \u2013 nur dadurch verhindert werden, dass man sich ausdr\u00fccklich von diesen Inhalten distanziert.\u00a0<\/p>\n<p>Wir distanzieren uns hiermit ausdr\u00fccklich von allen Inhalten aller gelinkten Seiten auf dieser Seite und machen\u00a0uns die Inhalte der gelinkten Seiten nicht zu eigen. Diese Erkl\u00e4rung gilt f\u00fcr alle verf\u00fcgbaren Links auf dieser\u00a0WebSite.<\/p>\n<p><\/p>\n<h4><strong>Urheberrecht<\/strong><\/h4>\n<p><\/p>\n<p>Die durch die Seitenbetreiber erstellten Inhalte und Werke auf diesen Seiten unterliegen dem deutschen Urheberrecht. Die Vervielf\u00e4ltigung, Bearbeitung, Verbreitung und jede Art der Verwertung au\u00dferhalb der Grenzen des Urheberrechtes bed\u00fcrfen der schriftlichen Zustimmung des S\u00e4ngerkreis Elbe-Havel e.V..<\/p>\n<p>Downloads und Kopien dieser Seite sind nur f\u00fcr den privaten, nicht kommerziellen Gebrauch gestattet. Soweit die Inhalte auf dieser Seite nicht vom Betreiber erstellt wurden, werden die Urheberrechte Dritter beachtet. Insbesondere werden Inhalte Dritter als solche gekennzeichnet.<\/p>\n<p>Sollten Sie trotzdem auf eine Urheberrechtsverletzung aufmerksam werden, bitten wir um einen entsprechenden Hinweis. Bei Bekanntwerden von Rechtsverletzungen werden wir derartige Inhalte umgehend entfernen.<\/p>\n<p><\/p>\n<h3 class=\"wp-block-heading\"><strong>Datenschutzerkl\u00e4rung:<\/strong><\/h3>\n<p><\/p>\n<h4><strong>Datenschutz<\/strong><\/h4>\n<p><\/p>\n<p>Die EU-Datenschutzgrundverordnung vom Mai 2018 verpflichtet auch den S\u00e4ngerkreis Elbe-Havel e.V. zur Einhaltung der Datenschutzrichtlinien.<\/p>\n<p>Dies betrifft die Verarbeitung, Weitergabe und Nutzung von pers\u00f6nlichen Daten, die dem S\u00e4ngerkreis zur Erf\u00fcllung seiner Aufgaben von den Mitgliedsch\u00f6ren zur Verf\u00fcgung gestellt werden.<\/p>\n<p>Hierbei handelt es sich um Erhebungsdaten f\u00fcr die OVERSO-Registrierung im Deutschen Chorverband, die Datenauflistung des Vorstandes des S\u00e4ngerkreises und der Funktionstr\u00e4ger in den Mitgliedsch\u00f6ren sowie um Daten f\u00fcr die Beantragung von Ehrungen.<\/p>\n<p>Folgende Daten werden gespeichert und nur vereinsintern verarbeitet und weitergegeben. Diese Daten sind:<\/p>\n<p style=\"padding-left: 40px;\">&#8211; Funktion im Verein \/ Chor<br \/><span style=\"color: var( --e-global-color-text ); font-family: var( --e-global-typography-text-font-family ), Sans-serif; font-weight: var( --e-global-typography-text-font-weight ); font-size: 1rem;\">&#8211; Name, Vorname, Anschrift<br \/><\/span><span style=\"color: var( --e-global-color-text ); font-family: var( --e-global-typography-text-font-family ), Sans-serif; font-weight: var( --e-global-typography-text-font-weight ); font-size: 1rem;\">&#8211; Kommunikationsdaten (Telefon, Telefax, Mobilfunk, E-Mail-Adresse)<br \/><\/span><span style=\"color: var( --e-global-color-text ); font-family: var( --e-global-typography-text-font-family ), Sans-serif; font-weight: var( --e-global-typography-text-font-weight ); font-size: 1rem;\">&#8211; Ehrungen (Name, Vorname, Geburtsdatum, Chormitgliedschaft, Datum Vereinseintritt)<\/span><\/p>\n<p>Weitere Daten werden nicht oder nur mit ausdr\u00fccklicher erg\u00e4nzender Zustimmung des Betroffenen erhoben.<\/p>\n<p>Aus Gr\u00fcnden der Bestandsverwaltung werden die genannten pers\u00f6nlichen Daten im Umfang des Erforderlichen an den Chorverband Sachsen-Anhalt und\/oder den Deutschen Chorverband weitergeleitet. In OVERSO werden personenbezogene Daten wie Namen, E-Mail-Adressen und Wohnorte<br \/>gespeichert.\u00a0<\/p>\n<p>Die Erhebung, Verarbeitung, Nutzung und Weitergabe von Daten erfolgt zum einen mit Einverst\u00e4ndnis des Dateninhabers, andererseits ausschlie\u00dflich zum Zweck der Erf\u00fcllung der Pflichten des S\u00e4ngerkreises. Die Weitergabe an Dritte erfolgt nur im Interesse des S\u00e4ngerkreises mit Zustimmung des\/der\u00a0 Vereinsmit-gliedes\/mitglieder.<\/p>\n<p>Die betroffenen Vereinsmitglieder haben jederzeit die M\u00f6glichkeit, sich \u00fcber die Verwendung und den Verbleib ihrer Daten und die Einhaltung der datenschutzrechtlichen Bestimmungen zu informieren.<\/p>\n<p>Au\u00dferdem haben sie das Recht, jederzeit die L\u00f6schung ihrer Daten zu verlangen (Art. 17 DS-GVO).<\/p>\n<p>Bei von Ch\u00f6ren zur Ver\u00f6ffentlichung auf der Website des S\u00e4ngerkreises Elbe-Havel oder zur vereinsinternen Weitergabe eingereichten Texten wie Vita, Berichte, Veranstaltungstermine und dgl., Fotos, Videos, Tonaufnahmen und anderen Medien sind die betreffenden Ch\u00f6re voll eigenverantwortlich f\u00fcr die Inhalte, Einhaltung der Urheberrechte und gesetzlichen Datenschutzbestimmungen.<\/p>\n<p>Gleiches gilt f\u00fcr Daten bei der Beantragung von Ehrungen auf den Antragsformularen.<\/p>\n<p><\/p>\n<h5><strong>Webdesign und technische Umsetzung: <\/strong><\/h5>\n<p>Dirk Linnemann (2. Vorsitzender \/ WebAdministrator)<\/p>\n<p><\/p>\t\t\t\t\t\t\t\t<\/div>\n\t\t\t\t<\/div>\n\t\t\t\t\t<\/div>\n\t\t<\/div>\n\t\t\t\t\t<\/div>\n\t\t<\/section>\n\t\t\t\t<\/div>\n\t\t","protected":false},"excerpt":{"rendered":"<p>Die Seite von dem S\u00e4ngerkreis Elbe-Havel e.V. wird von zwei Personen betreut. F\u00fcr den Inhalt kontaktieren Sie bitte Herrn Martin Schultze. F\u00fcr den Design und irgendwelche Probleme nehmen Sie bitte Kontakt mit dem Webadministrator. Die Kontaktm\u00f6glichkeiten sind Unten angegeben. Angaben gem\u00e4\u00df \u00a7 5 TMG: S\u00e4ngerkreis Elbe-Havel e.V.Alte Frose 40D-39291 M\u00f6ckern \/ OT HohenziatzTelefon: +49 (0)39226 &hellip; <a href=\"https:\/\/sk-elbe-havel.de\/?page_id=3\" class=\"more-link\"><span class=\"screen-reader-text\">\u201eImpressum\u201c <\/span>weiterlesen<\/a><\/p>\n","protected":false},"author":1,"featured_media":0,"parent":0,"menu_order":0,"comment_status":"closed","ping_status":"closed","template":"","meta":{"ngg_post_thumbnail":0,"footnotes":""},"class_list":["post-3","page","type-page","status-publish","hentry"],"_links":{"self":[{"href":"https:\/\/sk-elbe-havel.de\/index.php?rest_route=\/wp\/v2\/pages\/3","targetHints":{"allow":["GET"]}}],"collection":[{"href":"https:\/\/sk-elbe-havel.de\/index.php?rest_route=\/wp\/v2\/pages"}],"about":[{"href":"https:\/\/sk-elbe-havel.de\/index.php?rest_route=\/wp\/v2\/types\/page"}],"author":[{"embeddable":true,"href":"https:\/\/sk-elbe-havel.de\/index.php?rest_route=\/wp\/v2\/users\/1"}],"replies":[{"embeddable":true,"href":"https:\/\/sk-elbe-havel.de\/index.php?rest_route=%2Fwp%2Fv2%2Fcomments&post=3"}],"version-history":[{"count":22,"href":"https:\/\/sk-elbe-havel.de\/index.php?rest_route=\/wp\/v2\/pages\/3\/revisions"}],"predecessor-version":[{"id":1252,"href":"https:\/\/sk-elbe-havel.de\/index.php?rest_route=\/wp\/v2\/pages\/3\/revisions\/1252"}],"wp:attachment":[{"href":"https:\/\/sk-elbe-havel.de\/index.php?rest_route=%2Fwp%2Fv2%2Fmedia&parent=3"}],"curies":[{"name":"wp","href":"https:\/\/api.w.org\/{rel}","templated":true}]}}