{"id":169,"date":"2019-03-10T21:03:31","date_gmt":"2019-03-10T20:03:31","guid":{"rendered":"https:\/\/xn--sngerkreis-elbe-havel-51b.de\/skeh\/?page_id=169"},"modified":"2023-05-30T18:50:06","modified_gmt":"2023-05-30T16:50:06","slug":"gemischter-chor-leitzkau","status":"publish","type":"page","link":"https:\/\/sk-elbe-havel.de\/?page_id=169","title":{"rendered":"Gemischter Chor Leitzkau"},"content":{"rendered":"\t\t<div data-elementor-type=\"wp-page\" data-elementor-id=\"169\" class=\"elementor elementor-169\">\n\t\t\t\t\t\t<section class=\"elementor-section elementor-top-section elementor-element elementor-element-286fdaf6 elementor-section-boxed elementor-section-height-default elementor-section-height-default\" data-id=\"286fdaf6\" data-element_type=\"section\" data-e-type=\"section\">\n\t\t\t\t\t\t<div class=\"elementor-container elementor-column-gap-default\">\n\t\t\t\t\t<div class=\"elementor-column elementor-col-100 elementor-top-column elementor-element elementor-element-6cade031\" data-id=\"6cade031\" data-element_type=\"column\" data-e-type=\"column\">\n\t\t\t<div class=\"elementor-widget-wrap elementor-element-populated\">\n\t\t\t\t\t\t<div class=\"elementor-element elementor-element-41efcd50 elementor-widget elementor-widget-text-editor\" data-id=\"41efcd50\" data-element_type=\"widget\" data-e-type=\"widget\" data-widget_type=\"text-editor.default\">\n\t\t\t\t<div class=\"elementor-widget-container\">\n\t\t\t\t\t\t\t\t\t<p><\/p>\n<figure><img fetchpriority=\"high\" decoding=\"async\" src=\"https:\/\/xn--sngerkreis-elbe-havel-51b.de\/skeh\/wp-content\/uploads\/2019\/03\/3ea85f85409e49c3b32bfb596daceb2c.jpg\" alt=\"\" width=\"684\" height=\"483\" \/><\/figure>\n<p><\/p>\n<p><\/p>\n<p><strong>Vorsitzende<\/strong><br \/>Sieglinde Nickel<br \/>Kirchstr. 2<br \/>D-39279 Gommern\/ OT Leitzkau<br \/>Tel: +4939241 4224<br \/>e-mail: <a target=\"_blank\" rel=\"noreferrer noopener\">sieglinde.nickel@gmx.de<\/a><\/p>\n<p><\/p>\n<p><\/p>\n<p><strong>Chorleiter<\/strong><br \/>Bernhard Janowski<br \/>Alter Weg 19<br \/>D-39279 Gommern\/ OT Leitzkau<br \/>Tel: +4939241 90643<br \/>e-mail: <a target=\"_blank\" rel=\"noreferrer noopener\">bernhardjosef46@gmail.com<\/a><\/p>\n<p><\/p>\n<p><\/p>\n<h2 class=\"wp-block-heading\">VITA<\/h2>\n<p><\/p>\n<p><\/p>\n<p>Wir, der Gemischte Chor Leitzkau existieren seit dem 21.01.1998.<\/p>\n<p><\/p>\n<p><\/p>\n<p>Es fing mit ungef\u00e4hr 20 \u2013 25 sangesfreudigen S\u00e4ngerinnen und S\u00e4ngern an. Bis heute haben wir uns auf 6 S\u00e4nger und 36 S\u00e4ngerinnen gesteigert.<\/p>\n<p><\/p>\n<p><\/p>\n<p>Seit nun mehr als 15 Jahren bem\u00fchen wir uns redlich, das Kulturgut MUSIK lebendig zu erhalten.<\/p>\n<p><\/p>\n<p><\/p>\n<p>Wir treten \u00fcberall auf, wo man uns h\u00f6ren und sehen m\u00f6chte, ob es zu privaten Jubil\u00e4en wie z.B. Geburtstagen oder \u00f6ffentlichen Veranstaltungen wie Dorffest, T\u00f6pfermarkt, Adventsmarkt oder Fl\u00e4ming \u2013 Fr\u00fchlingsfest ist.<\/p>\n<p><\/p>\n<p><\/p>\n<p>Singen macht uns eben einfach gro\u00dfen Spa\u00df.<\/p>\n<p><\/p>\n<p><\/p>\n<p>Das ist unter anderem unserem Chorleiter Bernhard Janowski zu verdanken.<\/p>\n<p><\/p>\n<p><\/p>\n<p>Wir treffen uns alle 14 Tage (gerade Woche) im Kirchsaal der Ev. Kirche in der Kirchstra\u00dfe 1.<\/p>\n<p><\/p>\n<p><\/p>\n<p>Wer Lust und Laune hat mit uns zu singen, ist immer herzlich eingeladen.<\/p>\n<p><\/p>\t\t\t\t\t\t\t\t<\/div>\n\t\t\t\t<\/div>\n\t\t\t\t\t<\/div>\n\t\t<\/div>\n\t\t\t\t\t<\/div>\n\t\t<\/section>\n\t\t\t\t<\/div>\n\t\t","protected":false},"excerpt":{"rendered":"<p>VorsitzendeSieglinde NickelKirchstr. 2D-39279 Gommern\/ OT LeitzkauTel: +4939241 4224e-mail: sieglinde.nickel@gmx.de ChorleiterBernhard JanowskiAlter Weg 19D-39279 Gommern\/ OT LeitzkauTel: +4939241 90643e-mail: bernhardjosef46@gmail.com VITA Wir, der Gemischte Chor Leitzkau existieren seit dem 21.01.1998. Es fing mit ungef\u00e4hr 20 \u2013 25 sangesfreudigen S\u00e4ngerinnen und S\u00e4ngern an. Bis heute haben wir uns auf 6 S\u00e4nger und 36 S\u00e4ngerinnen gesteigert. Seit nun &hellip; <a href=\"https:\/\/sk-elbe-havel.de\/?page_id=169\" class=\"more-link\"><span class=\"screen-reader-text\">\u201eGemischter Chor Leitzkau\u201c <\/span>weiterlesen<\/a><\/p>\n","protected":false},"author":1,"featured_media":0,"parent":85,"menu_order":0,"comment_status":"closed","ping_status":"closed","template":"","meta":{"ngg_post_thumbnail":0,"footnotes":""},"class_list":["post-169","page","type-page","status-publish","hentry"],"_links":{"self":[{"href":"https:\/\/sk-elbe-havel.de\/index.php?rest_route=\/wp\/v2\/pages\/169","targetHints":{"allow":["GET"]}}],"collection":[{"href":"https:\/\/sk-elbe-havel.de\/index.php?rest_route=\/wp\/v2\/pages"}],"about":[{"href":"https:\/\/sk-elbe-havel.de\/index.php?rest_route=\/wp\/v2\/types\/page"}],"author":[{"embeddable":true,"href":"https:\/\/sk-elbe-havel.de\/index.php?rest_route=\/wp\/v2\/users\/1"}],"replies":[{"embeddable":true,"href":"https:\/\/sk-elbe-havel.de\/index.php?rest_route=%2Fwp%2Fv2%2Fcomments&post=169"}],"version-history":[{"count":4,"href":"https:\/\/sk-elbe-havel.de\/index.php?rest_route=\/wp\/v2\/pages\/169\/revisions"}],"predecessor-version":[{"id":1130,"href":"https:\/\/sk-elbe-havel.de\/index.php?rest_route=\/wp\/v2\/pages\/169\/revisions\/1130"}],"up":[{"embeddable":true,"href":"https:\/\/sk-elbe-havel.de\/index.php?rest_route=\/wp\/v2\/pages\/85"}],"wp:attachment":[{"href":"https:\/\/sk-elbe-havel.de\/index.php?rest_route=%2Fwp%2Fv2%2Fmedia&parent=169"}],"curies":[{"name":"wp","href":"https:\/\/api.w.org\/{rel}","templated":true}]}}