{"id":151,"date":"2019-03-10T20:54:08","date_gmt":"2019-03-10T19:54:08","guid":{"rendered":"https:\/\/xn--sngerkreis-elbe-havel-51b.de\/skeh\/?page_id=151"},"modified":"2024-11-09T00:00:24","modified_gmt":"2024-11-08T23:00:24","slug":"chorgemeinschaft-hohenseeden-e-v","status":"publish","type":"page","link":"https:\/\/sk-elbe-havel.de\/?page_id=151","title":{"rendered":"Chorgemeinschaft Elbe-Parey"},"content":{"rendered":"\t\t<div data-elementor-type=\"wp-page\" data-elementor-id=\"151\" class=\"elementor elementor-151\">\n\t\t\t\t\t\t<section class=\"elementor-section elementor-top-section elementor-element elementor-element-6e167323 elementor-section-boxed elementor-section-height-default elementor-section-height-default\" data-id=\"6e167323\" data-element_type=\"section\" data-e-type=\"section\">\n\t\t\t\t\t\t<div class=\"elementor-container elementor-column-gap-default\">\n\t\t\t\t\t<div class=\"elementor-column elementor-col-100 elementor-top-column elementor-element elementor-element-7544f510\" data-id=\"7544f510\" data-element_type=\"column\" data-e-type=\"column\">\n\t\t\t<div class=\"elementor-widget-wrap elementor-element-populated\">\n\t\t\t\t\t\t<div class=\"elementor-element elementor-element-78571aa7 elementor-widget elementor-widget-text-editor\" data-id=\"78571aa7\" data-element_type=\"widget\" data-e-type=\"widget\" data-widget_type=\"text-editor.default\">\n\t\t\t\t<div class=\"elementor-widget-container\">\n\t\t\t\t\t\t\t\t\t<p><\/p>\n<figure><img fetchpriority=\"high\" decoding=\"async\" src=\"https:\/\/xn--sngerkreis-elbe-havel-51b.de\/skeh\/wp-content\/uploads\/2019\/03\/bc5545aeb7844aceaec85482af6cc44b.jpg\" alt=\"\" width=\"697\" height=\"464\" \/><\/figure>\n<p><\/p>\n<p><strong>Vorsitzender<\/strong><br \/>Hans-J\u00fcrgen Bamberger<br \/>Bahnhofstr. 14<br \/>D-39307 Hohenseeden<br \/>Tel: +4939344 40657<br \/>e-mail:\u00a0 <a target=\"_blank\" rel=\"noreferrer noopener\">jojobri@gmx.de<\/a><\/p>\n<p><\/p>\n<p><strong>Chorleiter<\/strong><br \/>Stephan Senftleben<br \/>Hauptstr. 119<br \/>39317 Elbe-Parey \/ OT Derben<br \/>Tel: +49b 152 24616301<br \/>email: st_senftleben@web.de<\/p>\n<p><\/p>\n<h3 class=\"wp-block-heading\">Informationen<\/h3>\n<p><\/p>\n<p>Aus der Chorgemeinschaft Hohenseeden ist jetzt die\u00a0 <strong>Chorgemeinschaft Elbe-Parey<\/strong> geworden.\u00a0<\/p>\n<p>Die Chorgemeinschaft Hohenseeden wurde am 01. M\u00e4rz 1984 als Gemischter Chor Hohenseeden gegr\u00fcndet. In der Nachwendezeit mehrten sich Probleme, ausreichend S\u00e4ngerinnen und S\u00e4nger f\u00fcr ein stabiles und kontinuierliches Proben und Auftreten aus dem unmittelbaren Territorium zu finden. So kamen Mitte der 90er Jahre weitere S\u00e4nger aus Parchen und 1997\/98 weitere aus G\u00fcsen, Parey und den umliegenden Ortschaften hinzu. Der Chor wuchs wieder zu einer Mitgliedsst\u00e4rke von derzeit 37 S\u00e4ngerinnen und S\u00e4ngern heran. Dies war dann auch Anlass, den Chor in eine Chorgemeinschaft umzubenennen. Anliegen des Chores ist es, das nationale und internationale Volkslied zu Pflegen und die Freude an der Musik den Zuh\u00f6rern zu vermitteln. Besonders in der Vorweihnachtszeit haben die Konzerte des Chores in den Kirchen der Gemeinden eine besondere Beliebtheit und finden zunehmend gr\u00f6\u00dferen Zuspruch.<\/p>\n<p><\/p>\n<p>H\u00f6hepunkte des chorischen Lebens sind die Auftritte in der Klosterkirche Jerichow aus Anlass der j\u00e4hrlichen \u201eVolksk\u00fcnstlerischen Chorkonzerts\u201c, das Mitwirken bei Konzerten im Havelberger Dom sowie den anderen Veranstaltungen des S\u00e4ngerkreises \u201eElbe-Havel\u201c, deren Mitglied die Chorgemeinschaft Hohenseeden im Deutschen Chorverband ist. Wichtig ist f\u00fcr den Chor das gemeinsame musizieren mit anderen Ch\u00f6ren des S\u00e4ngerkreises. Dabei sind besonders die Havelberger Liedertafel und der Handwerker-Chor Burg zu nennen. Neben der musikalischen Wirksamkeit des Chores ist den Mitglieder gemeinsame Freizeitaktivit\u00e4ten wichtig.<\/p>\n<p><\/p>\n<p>Gemeinsame Fahrten f\u00fchrten den Chor an den Rhein, nach Franken, ins Erzgebirge sowie nach D\u00e4nemark und Schweden und lie\u00dfen dadurch das Chorleben zu einem abgerundeten musikalischen und Freizeiterlebnis werden. Die Chorgemeinschaft Hohenseeden e.V. als eingetragener Verein wird langj\u00e4hrig durch seinen Vorsitzenden Hans-J\u00fcrgen Bamberger gef\u00fchrt. Seit der Gr\u00fcndung stand Thomas Sch\u00f6bel als Chorleiter dem Chor vor.<br \/>Von Februar 2016 bis Januar 2019 war die k\u00fcnstlerische Leitung bei Herrn J\u00fcrgen T\u00f6pfer.<img decoding=\"async\" src=\"https:\/\/xn--sngerkreis-elbe-havel-51b.de\/skeh\/wp-content\/uploads\/2019\/03\/2440822fc93b4d7ab65616c34e9e87c0.jpg\" alt=\"\" data-id=\"160\" data-link=\"https:\/\/xn--sngerkreis-elbe-havel-51b.de\/skeh\/index.php\/chorgemeinschaft-hohenseeden-e-v\/2440822fc93b4d7ab65616c34e9e87c0\/\" \/><\/p>\n<p><\/p>\n<p class=\"wp-block-gallery-2 is-layout-flex wp-block-gallery-is-layout-flex\"><\/p>\t\t\t\t\t\t\t\t<\/div>\n\t\t\t\t<\/div>\n\t\t\t\t\t<\/div>\n\t\t<\/div>\n\t\t\t\t\t<\/div>\n\t\t<\/section>\n\t\t\t\t<\/div>\n\t\t","protected":false},"excerpt":{"rendered":"<p>VorsitzenderHans-J\u00fcrgen BambergerBahnhofstr. 14D-39307 HohenseedenTel: +4939344 40657e-mail:\u00a0 jojobri@gmx.de ChorleiterStephan SenftlebenHauptstr. 11939317 Elbe-Parey \/ OT DerbenTel: +49b 152 24616301email: st_senftleben@web.de Informationen Aus der Chorgemeinschaft Hohenseeden ist jetzt die\u00a0 Chorgemeinschaft Elbe-Parey geworden.\u00a0 Die Chorgemeinschaft Hohenseeden wurde am 01. M\u00e4rz 1984 als Gemischter Chor Hohenseeden gegr\u00fcndet. In der Nachwendezeit mehrten sich Probleme, ausreichend S\u00e4ngerinnen und S\u00e4nger f\u00fcr ein stabiles &hellip; <a href=\"https:\/\/sk-elbe-havel.de\/?page_id=151\" class=\"more-link\"><span class=\"screen-reader-text\">\u201eChorgemeinschaft Elbe-Parey\u201c <\/span>weiterlesen<\/a><\/p>\n","protected":false},"author":1,"featured_media":0,"parent":85,"menu_order":0,"comment_status":"closed","ping_status":"closed","template":"","meta":{"ngg_post_thumbnail":0,"footnotes":""},"class_list":["post-151","page","type-page","status-publish","hentry"],"_links":{"self":[{"href":"https:\/\/sk-elbe-havel.de\/index.php?rest_route=\/wp\/v2\/pages\/151","targetHints":{"allow":["GET"]}}],"collection":[{"href":"https:\/\/sk-elbe-havel.de\/index.php?rest_route=\/wp\/v2\/pages"}],"about":[{"href":"https:\/\/sk-elbe-havel.de\/index.php?rest_route=\/wp\/v2\/types\/page"}],"author":[{"embeddable":true,"href":"https:\/\/sk-elbe-havel.de\/index.php?rest_route=\/wp\/v2\/users\/1"}],"replies":[{"embeddable":true,"href":"https:\/\/sk-elbe-havel.de\/index.php?rest_route=%2Fwp%2Fv2%2Fcomments&post=151"}],"version-history":[{"count":11,"href":"https:\/\/sk-elbe-havel.de\/index.php?rest_route=\/wp\/v2\/pages\/151\/revisions"}],"predecessor-version":[{"id":1244,"href":"https:\/\/sk-elbe-havel.de\/index.php?rest_route=\/wp\/v2\/pages\/151\/revisions\/1244"}],"up":[{"embeddable":true,"href":"https:\/\/sk-elbe-havel.de\/index.php?rest_route=\/wp\/v2\/pages\/85"}],"wp:attachment":[{"href":"https:\/\/sk-elbe-havel.de\/index.php?rest_route=%2Fwp%2Fv2%2Fmedia&parent=151"}],"curies":[{"name":"wp","href":"https:\/\/api.w.org\/{rel}","templated":true}]}}