{"id":145,"date":"2019-03-10T20:50:22","date_gmt":"2019-03-10T19:50:22","guid":{"rendered":"https:\/\/xn--sngerkreis-elbe-havel-51b.de\/skeh\/?page_id=145"},"modified":"2025-05-21T14:36:12","modified_gmt":"2025-05-21T12:36:12","slug":"vokalensemble-burg-e-v","status":"publish","type":"page","link":"https:\/\/sk-elbe-havel.de\/?page_id=145","title":{"rendered":"Vokalensemble Burg e.V."},"content":{"rendered":"\t\t<div data-elementor-type=\"wp-page\" data-elementor-id=\"145\" class=\"elementor elementor-145\">\n\t\t\t\t\t\t<section class=\"elementor-section elementor-top-section elementor-element elementor-element-2895453e elementor-section-boxed elementor-section-height-default elementor-section-height-default\" data-id=\"2895453e\" data-element_type=\"section\" data-e-type=\"section\">\n\t\t\t\t\t\t<div class=\"elementor-container elementor-column-gap-default\">\n\t\t\t\t\t<div class=\"elementor-column elementor-col-100 elementor-top-column elementor-element elementor-element-1d88cb17\" data-id=\"1d88cb17\" data-element_type=\"column\" data-e-type=\"column\">\n\t\t\t<div class=\"elementor-widget-wrap elementor-element-populated\">\n\t\t\t\t\t\t<div class=\"elementor-element elementor-element-31d43ea0 elementor-widget__width-initial elementor-widget elementor-widget-text-editor\" data-id=\"31d43ea0\" data-element_type=\"widget\" data-e-type=\"widget\" data-widget_type=\"text-editor.default\">\n\t\t\t\t<div class=\"elementor-widget-container\">\n\t\t\t\t\t\t\t\t\t<h3><strong style=\"color: var( --e-global-color-text ); font-family: var( --e-global-typography-text-font-family ), Sans-serif; font-size: 1rem;\">Vorsitzende<\/strong><\/h3>\n<p>Brigitte Knopp<br>Hauptstra\u00dfe 56<br>D-39288 Burg \/ OT Niegripp<br>e-mail:&nbsp; sknopp7119@aol.com<\/p>\n<p><!-- \/wp:paragraph --><!-- wp:paragraph --><\/p>\n<p><strong>Chorleiter<\/strong><br>Ivana Sieberling<br><span style=\"font-size:10.0pt;font-family:&quot;Arial&quot;,sans-serif;\nmso-fareast-font-family:&quot;Times New Roman&quot;;mso-ansi-language:DE;mso-fareast-language:\nDE;mso-bidi-language:AR-SA\">e-mail: ivana.sieberling@gmail.com<\/span><\/p>\n<p><!-- \/wp:paragraph --><!-- wp:heading {\"level\":3} --><\/p>\n<h3><strong>Wir \u00fcber uns<\/strong><\/h3>\n<p><!-- \/wp:heading --><!-- wp:paragraph --><\/p>\n<h2><strong>Vokalensemble Burg e.V.<\/strong><\/h2>\n<h5><strong>\u201cWer Lust und Laune zum Singen hat &#8230;\u201c<\/strong><\/h5>\n<p>Auf eine Anzeige des Musiklehrers, Herrn Dr. Dieter Breitkreutz, fanden im September 1974 vierzig S\u00e4ngerinnen und S\u00e4nger zum gemeinsamen Musizieren zusammen. Als \u201eBurger Volkschor\u201c war der Ch or in allen Jahren regelm\u00e4\u00dfig und unter wechselnden Chorleitern auf zahlreichen regionalen Konzerten zu erleben: 1974 2006 Dr. Dieter Breitkreutz, 2006 Anne Katri n Baas, 2008 Sandy Dahlke, 2009 2022 J\u00fcrgen T\u00f6pfer und 2022 Christian Hoffmann.<\/p>\n<p>Seit 2016 war es Zeit f\u00fcr einen neuen Namen des mittlerweile&nbsp; traditionsreichen Chores. Als neu orientiertes Vokalensemble Burg e.V. folgten nahtlos zahlreiche neue Konzertformate, wie z.B. die beliebten Rathauskonzerte, aber auch Teilnahmen an Chorwettbewerben und viel e Konzerte in ganz Sachsen Anhalt. Anl\u00e4sslich des 40 j\u00e4hrigen Bestehens des Chores folgten auch Tonaufnahmen, die als CD erh\u00e4ltlich sind.<\/p>\n<p>Das Repertoire setzt seit Gr\u00fcndung des Ensembles ganz bewusst auf die Traditionslinien des Chormusizierens in Mitteldeutschland. Die Pflege und der Erhalt des nationalen und internationalen Volksliedes war dabei den S\u00e4ngerinnen und S\u00e4ngern gemeinsam mit ihren Chorleitern immer ein besonderes Anliegen, was auch die letzten Konzertprogramme mit Titeln wie \u201eEine musikalische Weltreise\u201c oder \u201eMusik, die bleibt\u201c nachdr\u00fccklich belegen.<\/p>\n<p>Seit M\u00e4rz 2023 hat nun Ivana Sieberling die musikalische Leitung des Chores \u00fcbernommen Wichtige Schwerpunkte ihrer Arbeit sieht sie darin, die Klangfarben des Chores h\u00f6rbar zu machen , das musikalische&nbsp; Spektrum zu erweitern und das Klangerlebnis 4 stimmiger St\u00fccke zu intensivieren.&nbsp;Die Freude an der Chorgemeinschaft und Lust am Singen eint uns.&nbsp;<\/p>\n<p>Lassen wir uns \u00fcberraschen, welche weiteren Wege sie mit uns und ihrem tschechischen Temperament beschreiten wird. Wir proben einmal in der Woche mittwochs zwischen 19:00 und 21:00 Uhr im Haus II des Burger Roland Gymnasiums.<\/p>\n<p>Seien auch Sie herzlich willkommen.<\/p>\n<p><!-- \/wp:paragraph --><\/p>\t\t\t\t\t\t\t\t<\/div>\n\t\t\t\t<\/div>\n\t\t\t\t\t<\/div>\n\t\t<\/div>\n\t\t\t\t\t<\/div>\n\t\t<\/section>\n\t\t\t\t<\/div>\n\t\t","protected":false},"excerpt":{"rendered":"<p>Vorsitzende Brigitte KnoppHauptstra\u00dfe 56D-39288 Burg \/ OT Niegrippe-mail:&nbsp; sknopp7119@aol.com ChorleiterIvana Sieberlinge-mail: ivana.sieberling@gmail.com Wir \u00fcber uns Vokalensemble Burg e.V. \u201cWer Lust und Laune zum Singen hat &#8230;\u201c Auf eine Anzeige des Musiklehrers, Herrn Dr. Dieter Breitkreutz, fanden im September 1974 vierzig S\u00e4ngerinnen und S\u00e4nger zum gemeinsamen Musizieren zusammen. Als \u201eBurger Volkschor\u201c war der Ch or in &hellip; <a href=\"https:\/\/sk-elbe-havel.de\/?page_id=145\" class=\"more-link\"><span class=\"screen-reader-text\">\u201eVokalensemble Burg e.V.\u201c <\/span>weiterlesen<\/a><\/p>\n","protected":false},"author":1,"featured_media":0,"parent":85,"menu_order":0,"comment_status":"closed","ping_status":"closed","template":"","meta":{"ngg_post_thumbnail":0,"footnotes":""},"class_list":["post-145","page","type-page","status-publish","hentry"],"_links":{"self":[{"href":"https:\/\/sk-elbe-havel.de\/index.php?rest_route=\/wp\/v2\/pages\/145","targetHints":{"allow":["GET"]}}],"collection":[{"href":"https:\/\/sk-elbe-havel.de\/index.php?rest_route=\/wp\/v2\/pages"}],"about":[{"href":"https:\/\/sk-elbe-havel.de\/index.php?rest_route=\/wp\/v2\/types\/page"}],"author":[{"embeddable":true,"href":"https:\/\/sk-elbe-havel.de\/index.php?rest_route=\/wp\/v2\/users\/1"}],"replies":[{"embeddable":true,"href":"https:\/\/sk-elbe-havel.de\/index.php?rest_route=%2Fwp%2Fv2%2Fcomments&post=145"}],"version-history":[{"count":47,"href":"https:\/\/sk-elbe-havel.de\/index.php?rest_route=\/wp\/v2\/pages\/145\/revisions"}],"predecessor-version":[{"id":1278,"href":"https:\/\/sk-elbe-havel.de\/index.php?rest_route=\/wp\/v2\/pages\/145\/revisions\/1278"}],"up":[{"embeddable":true,"href":"https:\/\/sk-elbe-havel.de\/index.php?rest_route=\/wp\/v2\/pages\/85"}],"wp:attachment":[{"href":"https:\/\/sk-elbe-havel.de\/index.php?rest_route=%2Fwp%2Fv2%2Fmedia&parent=145"}],"curies":[{"name":"wp","href":"https:\/\/api.w.org\/{rel}","templated":true}]}}