{"id":138,"date":"2019-03-10T20:44:55","date_gmt":"2019-03-10T19:44:55","guid":{"rendered":"https:\/\/xn--sngerkreis-elbe-havel-51b.de\/skeh\/?page_id=138"},"modified":"2024-11-08T23:43:08","modified_gmt":"2024-11-08T22:43:08","slug":"viva-la-musica-hohenwarthe-e-v","status":"publish","type":"page","link":"https:\/\/sk-elbe-havel.de\/?page_id=138","title":{"rendered":"Gemischter Chor \u201eviva la musica\u201c Hohenwarthe e.V."},"content":{"rendered":"\t\t<div data-elementor-type=\"wp-post\" data-elementor-id=\"138\" class=\"elementor elementor-138\">\n\t\t\t\t\t\t<section class=\"elementor-section elementor-top-section elementor-element elementor-element-19a7bd88 elementor-section-boxed elementor-section-height-default elementor-section-height-default\" data-id=\"19a7bd88\" data-element_type=\"section\" data-e-type=\"section\">\n\t\t\t\t\t\t<div class=\"elementor-container elementor-column-gap-default\">\n\t\t\t\t\t<div class=\"elementor-column elementor-col-100 elementor-top-column elementor-element elementor-element-1c1f0a2f\" data-id=\"1c1f0a2f\" data-element_type=\"column\" data-e-type=\"column\">\n\t\t\t<div class=\"elementor-widget-wrap elementor-element-populated\">\n\t\t\t\t\t\t<div class=\"elementor-element elementor-element-13b3d0c0 elementor-widget elementor-widget-text-editor\" data-id=\"13b3d0c0\" data-element_type=\"widget\" data-e-type=\"widget\" data-widget_type=\"text-editor.default\">\n\t\t\t\t<div class=\"elementor-widget-container\">\n\t\t\t\t\t\t\t\t\t\n<p><strong>Vorsitzende<\/strong><br \/>J\u00f6rg Greilich<br \/>Am Eulenbruch 64<br \/>39291 M\u00f6ser \/ OT Hohenwarthe<br \/>Tel: +49(0)3922 23803<br \/>e-mail: <a href=\"mailto:greihowa@aol.com\">greihowa@aol.com<\/a><\/p>\n\n<p><strong>Chorleiter<\/strong><br \/>J\u00fcrgen T\u00f6pfer<br \/>Breite-Str. 15 A<br \/>39288 Burg\/ OT Detershagen<br \/>Tel: +49(0)3921 985931<br \/>e-mail:\u00a0 j.toepfer.fun-music@gmx.de<\/p>\n<p>Gemischter Chor \u201eViva la musica\u201c Hohenwarthe e.V.<\/p>\n<p>Der Chor wurde im <strong>Oktober 2009<\/strong> gegr\u00fcndet und erhielt seinen Namen durch den Kanon \u201eViva la musica\u201c. Somit feiert der Chor im Oktober sein 10- j\u00e4hriges Bestehen.<\/p>\n<p>Unter der musikalischen Leitung von <strong>\u00a0J\u00fcrgen T\u00f6pfer<\/strong>, singen 30 aktive Mitglieder.<\/p>\n<p>Das Repertoire umfasst haupts\u00e4chlich drei- und vierstimmige Werke; Volkslieder, Chorwerke der Klassik und Romantik bis hin zu zeitgen\u00f6ssischen Kompositionen. Nicht zu vergessen die j\u00e4hrlich wiederkehrenden Advents- und Weihnachtslieder.<\/p>\n<p>Der <strong>erste<\/strong>\u00a0 <strong>\u00f6ffentliche \u00a0Auftritt fand am 12.Juni 2010<\/strong>, anl\u00e4sslich des 760- j\u00e4hrigen Bestehens der Hohenwarther Kirche statt.<\/p>\n<p>In M\u00f6ser, Burg, Lostau, K\u00f6rbelitz, Gerwisch, Schartau\u00a0 und Hohenwarthe, sang und singt der Chor bei den verschiedensten Veranstaltungen und Konzerten. Dabei auch gern mit anderen Ch\u00f6ren der Region.<\/p>\n<p><strong><em>Besondere Auftritte<\/em><\/strong> waren:<\/p>\n<p>*2011, 2013 und 2016, als der Chor, auf Einladung des \u201eGro\u00dfziethener Scheunenchores\u201c, auf dem <strong>\u201eGro\u00dfen Fr\u00fchlingsfest der Ch\u00f6re\u201c<\/strong> in Gro\u00dfziethen sang,<\/p>\n<p>*beim <strong>4. Landeschorfest, des Chorverbandes Sachsen Anhalt<\/strong>, 2014 <strong>in Salz<\/strong>wedel auftrat,<\/p>\n<p>*2016 am <strong>Schlosskonzert in Hohenerxleben<\/strong> teilnahm,<\/p>\n<p>*2018 auf der <strong>LAGA in Burg<\/strong> und beim <strong>Landeschorfest in Wernigerode<\/strong> mit dabei war.<\/p>\n<p>2015 vertrat \u201eViva la musica\u201c das Jerichower Land<strong>\u00a0 <\/strong>bei den<strong> \u201eEuropean Choir Games\u201c <\/strong>in Magdeburg und sang dort bei den Freundschaftskonzerten mit.<\/p>\n<p>Seit 2013 erf\u00e4hrt der Chor viel Dankbarkeit von den Bewohnern des Wohnparks \u201eZur Heide\u201c, Lostau, wenn er regelm\u00e4\u00dfig mit einem Weihnachts- und einem Fr\u00fchlingskonzert zu Gast ist.<\/p>\n\t\t\t\t\t\t\t\t<\/div>\n\t\t\t\t<\/div>\n\t\t\t\t\t<\/div>\n\t\t<\/div>\n\t\t\t\t\t<\/div>\n\t\t<\/section>\n\t\t\t\t<\/div>\n\t\t","protected":false},"excerpt":{"rendered":"<p>VorsitzendeJ\u00f6rg GreilichAm Eulenbruch 6439291 M\u00f6ser \/ OT HohenwartheTel: +49(0)3922 23803e-mail: greihowa@aol.com ChorleiterJ\u00fcrgen T\u00f6pferBreite-Str. 15 A39288 Burg\/ OT DetershagenTel: +49(0)3921 985931e-mail:\u00a0 j.toepfer.fun-music@gmx.de Gemischter Chor \u201eViva la musica\u201c Hohenwarthe e.V. Der Chor wurde im Oktober 2009 gegr\u00fcndet und erhielt seinen Namen durch den Kanon \u201eViva la musica\u201c. Somit feiert der Chor im Oktober sein 10- j\u00e4hriges Bestehen. &hellip; <a href=\"https:\/\/sk-elbe-havel.de\/?page_id=138\" class=\"more-link\"><span class=\"screen-reader-text\">\u201eGemischter Chor \u201eviva la musica\u201c Hohenwarthe e.V.\u201c <\/span>weiterlesen<\/a><\/p>\n","protected":false},"author":1,"featured_media":0,"parent":85,"menu_order":0,"comment_status":"closed","ping_status":"closed","template":"","meta":{"ngg_post_thumbnail":0,"footnotes":""},"class_list":["post-138","page","type-page","status-publish","hentry"],"_links":{"self":[{"href":"https:\/\/sk-elbe-havel.de\/index.php?rest_route=\/wp\/v2\/pages\/138","targetHints":{"allow":["GET"]}}],"collection":[{"href":"https:\/\/sk-elbe-havel.de\/index.php?rest_route=\/wp\/v2\/pages"}],"about":[{"href":"https:\/\/sk-elbe-havel.de\/index.php?rest_route=\/wp\/v2\/types\/page"}],"author":[{"embeddable":true,"href":"https:\/\/sk-elbe-havel.de\/index.php?rest_route=\/wp\/v2\/users\/1"}],"replies":[{"embeddable":true,"href":"https:\/\/sk-elbe-havel.de\/index.php?rest_route=%2Fwp%2Fv2%2Fcomments&post=138"}],"version-history":[{"count":13,"href":"https:\/\/sk-elbe-havel.de\/index.php?rest_route=\/wp\/v2\/pages\/138\/revisions"}],"predecessor-version":[{"id":1235,"href":"https:\/\/sk-elbe-havel.de\/index.php?rest_route=\/wp\/v2\/pages\/138\/revisions\/1235"}],"up":[{"embeddable":true,"href":"https:\/\/sk-elbe-havel.de\/index.php?rest_route=\/wp\/v2\/pages\/85"}],"wp:attachment":[{"href":"https:\/\/sk-elbe-havel.de\/index.php?rest_route=%2Fwp%2Fv2%2Fmedia&parent=138"}],"curies":[{"name":"wp","href":"https:\/\/api.w.org\/{rel}","templated":true}]}}