{"id":126,"date":"2019-03-10T20:34:07","date_gmt":"2019-03-10T19:34:07","guid":{"rendered":"https:\/\/xn--sngerkreis-elbe-havel-51b.de\/skeh\/?page_id=126"},"modified":"2026-01-28T15:30:47","modified_gmt":"2026-01-28T14:30:47","slug":"handwerker-maennerchor-genthin-e-v","status":"publish","type":"page","link":"https:\/\/sk-elbe-havel.de\/?page_id=126","title":{"rendered":"Handwerker-M\u00e4nnerchor 1860 Genthin e.V."},"content":{"rendered":"\t\t<div data-elementor-type=\"wp-page\" data-elementor-id=\"126\" class=\"elementor elementor-126\">\n\t\t\t\t\t\t<section class=\"elementor-section elementor-top-section elementor-element elementor-element-21eb87c0 elementor-section-boxed elementor-section-height-default elementor-section-height-default\" data-id=\"21eb87c0\" data-element_type=\"section\" data-e-type=\"section\">\n\t\t\t\t\t\t<div class=\"elementor-container elementor-column-gap-default\">\n\t\t\t\t\t<div class=\"elementor-column elementor-col-100 elementor-top-column elementor-element elementor-element-471f63c5\" data-id=\"471f63c5\" data-element_type=\"column\" data-e-type=\"column\">\n\t\t\t<div class=\"elementor-widget-wrap elementor-element-populated\">\n\t\t\t\t\t\t<div class=\"elementor-element elementor-element-7ee86692 elementor-widget elementor-widget-text-editor\" data-id=\"7ee86692\" data-element_type=\"widget\" data-e-type=\"widget\" data-widget_type=\"text-editor.default\">\n\t\t\t\t<div class=\"elementor-widget-container\">\n\t\t\t\t\t\t\t\t\t<figure><img decoding=\"async\" src=\"https:\/\/xn--sngerkreis-elbe-havel-51b.de\/skeh\/wp-content\/uploads\/2019\/03\/IMG-20180501-WA0010.jpg\" alt=\"\"><strong>Vorsitzender<\/strong><br>R\u00fcdiger Klein<br>An der Buchenhecke 6<br>39307 Genthin<br>Tel:&nbsp; &nbsp; &nbsp; +49 (3933) 802165<br>Mob:&nbsp; +49 (162) 2061037<br>Email: charly-genthin@t-online.de<\/figure>\n<p><!-- \/wp:image --><!-- wp:paragraph --><!-- \/wp:paragraph --><!-- wp:paragraph --><\/p>\n<p><strong>Chorleiter<\/strong><br>Dirk Linnemann<br>Brandenburger Str. 53<br>D-39307 Genthin<br>Tel: +493933 9489162<br>Tel:+491741823631<br>e-mail:&nbsp; <a target=\"_blank\" rel=\"noreferrer noopener\">dirk.linnemann@hwmc-genthin.de<\/a><\/p>\n<p><!-- \/wp:paragraph --><!-- wp:paragraph --><\/p>\n<p><strong>Gr\u00fcndung und Entwicklung:<br><\/strong>Der Chor wurde 1860 in Genthin gegr\u00fcndet. Er besteht aktuell aus 18 aktiven S\u00e4ngern. Unser Chor ist dem S\u00e4ngerkreis Elbe-Havel e.V. angegliedert, der zum Chorverband Sachsen-Anhalt e.V. geh\u00f6rt und der wiederum dem Deutschen Chorverband e.V.&nbsp; angegliedert ist.<\/p>\n<p><!-- \/wp:paragraph --><!-- wp:paragraph --><!-- \/wp:paragraph --><!-- wp:paragraph --><\/p>\n<p>In der langen Zeit des Bestehens wurden der Handwerker M\u00e4nnerchor 1860 Genthin e.V. mit vielen Auszeichnungen bedacht, unter anderem zum 150. Jubil\u00e4um mit der Zelter-Plakete des Deutschen Chorverbandes.<\/p>\n<p><!-- \/wp:paragraph --><!-- wp:paragraph --><\/p>\n<p>Die sehr bewegte Geschichte des M\u00e4nnerchores ist heute eine Gemeinschaft von aktiven und passiven Mitgliedern vorhanden, die mit Spass und gro\u00dfer Freude am Singen dabei sind.<\/p>\n<p><!-- \/wp:paragraph --><!-- wp:paragraph --><\/p>\n<p>Dabei jederzeit offen f\u00fcr neue S\u00e4nger, die ebenfalls Freude am Singen haben.<\/p>\n<p><!-- \/wp:paragraph --><!-- wp:paragraph --><\/p>\n<p><strong>Probenzeit:<br><\/strong>Der Probentermin ist jeden Mittwoch&nbsp;in der Zeit von 19:00 bis 21:00 Uhr in der Seniorenresidenz Georg Stilke, Einsteinstr. 50, 39307 Genthin.<\/p>\n<p><!-- \/wp:paragraph --><!-- wp:paragraph --><!-- \/wp:paragraph --><!-- wp:paragraph --><\/p>\n<p><strong>Repertoire:<\/strong><br>Das sehr vielschichtige M\u00e4nnerchor Repertoire unseres M\u00e4nnerchores besteht aus Liedern wie Volkslieder, Chorwerke der Romantik bis hin zu zeitgen\u00f6ssischen Kompositionen. Diese Lieder folgenden den Jahreszeiten, vom Fr\u00fchling, Sommer, Herbst und Winter, sowie dem Gef\u00fchl und Leidenschaft. Hierbei sind wir aktiv an der Modernisierung mit sehr bekannten Lieder der Gegenwart.&nbsp;<\/p>\n<p><!-- \/wp:paragraph --><!-- wp:paragraph --><\/p>\n<p>So sind neben den klassischen Werken eines M\u00e4nnerchores auch Lieder der Unterhaltungsmusik als moderne Chors\u00e4tze, die wir gern singen.&nbsp;<span style=\"font-size: 1rem;\">Die Gemeinschaftsarbeit mit dem Frauenchor Genthin wurde in den letzten Jahren immer weiter ausgebaut und spiegelt sich in den regelm\u00e4\u00dfigen Konzerte im Jahr. Zuh\u00f6rer k\u00f6nnen bei den Veranstaltungen uns als Singgemeinschaft zusehen, zuh\u00f6ren und vielfach auch mitsingen.&nbsp;<\/span><\/p>\n<p><strong>Auftritte:<\/strong><strong><br><\/strong>Im Konzertkalender sind Auftritte in und um die Stadt Genthin herum, wie das allj\u00e4hrliche Konzert des Handwerker M\u00e4nnerchores Genthin in der St. Trinitatis Kirche zum 03. Oktober als Gemeinschaftskonzert mit dem Genthiner Frauenchor, dem Weihnachtskonzert am in Genthin und weitere Vortr\u00e4ge zu besonderen Anl\u00e4ssen oder Orten. Solche Auftritte waren die Landesgartenschau in Burg b. Mgd. im Mai und September in 2018. Auftritt zur Feier anl\u00e4sslich 850 Jahre Genthin Oktober 2022, die j\u00e4hrlichen Veranstaltungen zum &#8222;Tag der Vereine&#8220; in Genthin, das Volksk\u00fcnstlerische Chorkonzert des S\u00e4ngerkreis Elbe-Havel im Kloster Jerichow und andere.&nbsp;<\/p><p><br><\/p>\n<p><\/p>\n<p><!-- \/wp:paragraph --><\/p>\t\t\t\t\t\t\t\t<\/div>\n\t\t\t\t<\/div>\n\t\t\t\t\t<\/div>\n\t\t<\/div>\n\t\t\t\t\t<\/div>\n\t\t<\/section>\n\t\t\t\t<\/div>\n\t\t","protected":false},"excerpt":{"rendered":"<p>VorsitzenderR\u00fcdiger KleinAn der Buchenhecke 639307 GenthinTel:&nbsp; &nbsp; &nbsp; +49 (3933) 802165Mob:&nbsp; +49 (162) 2061037Email: charly-genthin@t-online.de ChorleiterDirk LinnemannBrandenburger Str. 53D-39307 GenthinTel: +493933 9489162Tel:+491741823631e-mail:&nbsp; dirk.linnemann@hwmc-genthin.de Gr\u00fcndung und Entwicklung:Der Chor wurde 1860 in Genthin gegr\u00fcndet. Er besteht aktuell aus 18 aktiven S\u00e4ngern. Unser Chor ist dem S\u00e4ngerkreis Elbe-Havel e.V. angegliedert, der zum Chorverband Sachsen-Anhalt e.V. geh\u00f6rt und der &hellip; <a href=\"https:\/\/sk-elbe-havel.de\/?page_id=126\" class=\"more-link\"><span class=\"screen-reader-text\">\u201eHandwerker-M\u00e4nnerchor 1860 Genthin e.V.\u201c <\/span>weiterlesen<\/a><\/p>\n","protected":false},"author":1,"featured_media":0,"parent":84,"menu_order":0,"comment_status":"closed","ping_status":"closed","template":"","meta":{"ngg_post_thumbnail":0,"footnotes":""},"class_list":["post-126","page","type-page","status-publish","hentry"],"_links":{"self":[{"href":"https:\/\/sk-elbe-havel.de\/index.php?rest_route=\/wp\/v2\/pages\/126","targetHints":{"allow":["GET"]}}],"collection":[{"href":"https:\/\/sk-elbe-havel.de\/index.php?rest_route=\/wp\/v2\/pages"}],"about":[{"href":"https:\/\/sk-elbe-havel.de\/index.php?rest_route=\/wp\/v2\/types\/page"}],"author":[{"embeddable":true,"href":"https:\/\/sk-elbe-havel.de\/index.php?rest_route=\/wp\/v2\/users\/1"}],"replies":[{"embeddable":true,"href":"https:\/\/sk-elbe-havel.de\/index.php?rest_route=%2Fwp%2Fv2%2Fcomments&post=126"}],"version-history":[{"count":24,"href":"https:\/\/sk-elbe-havel.de\/index.php?rest_route=\/wp\/v2\/pages\/126\/revisions"}],"predecessor-version":[{"id":1362,"href":"https:\/\/sk-elbe-havel.de\/index.php?rest_route=\/wp\/v2\/pages\/126\/revisions\/1362"}],"up":[{"embeddable":true,"href":"https:\/\/sk-elbe-havel.de\/index.php?rest_route=\/wp\/v2\/pages\/84"}],"wp:attachment":[{"href":"https:\/\/sk-elbe-havel.de\/index.php?rest_route=%2Fwp%2Fv2%2Fmedia&parent=126"}],"curies":[{"name":"wp","href":"https:\/\/api.w.org\/{rel}","templated":true}]}}