{"id":1075,"date":"2023-05-01T20:39:49","date_gmt":"2023-05-01T18:39:49","guid":{"rendered":"https:\/\/sk-elbe-havel.de\/?page_id=1075"},"modified":"2023-05-01T20:39:49","modified_gmt":"2023-05-01T18:39:49","slug":"contact-form-2","status":"publish","type":"page","link":"https:\/\/sk-elbe-havel.de\/?page_id=1075","title":{"rendered":"Contact Form"},"content":{"rendered":"        <script type=\"text\/javascript\">\n         function cp_contactformtoemail_pform_doValidate_1(form)\n         {\n            document.cp_contactformtoemail_pform_1.cp_ref_page.value = document.location;\n            $dexQuery = jQuery.noConflict();            if (document.cp_contactformtoemail_pform_1.hdcaptcha_cp_contactformtoemail_post.value == '') { setTimeout( \"cp_contactformtoemail_cerror_1()\", 100); return false; }\n            var result = $dexQuery.ajax({ type: \"GET\", url: \"\/?ps=_1&cp_contactformtoemail_pform_process=2&cp_contactformtoemail_id=2&inAdmin=1&ps=_1&hdcaptcha_cp_contactformtoemail_post=\"+document.cp_contactformtoemail_pform_1.hdcaptcha_cp_contactformtoemail_post.value, async: false }).responseText;\n            if (result.indexOf(\"captchafailed\") != -1) {\n                $dexQuery(\"#captchaimg_1\").attr('src', $dexQuery(\"#captchaimg_1\").attr('src')+'&'+Math.floor((Math.random() * 99999) + 1));\n                setTimeout( \"cp_contactformtoemail_cerror_1()\", 100);\n                return false;\n            } else             {\n                var cpefb_error = 0;\n                $dexQuery(\"#cp_contactformtoemail_pform_1\").find(\".cpefb_error\").each(function(index){\n                    if ($dexQuery(this).css(\"display\")!=\"none\")\n                        cpefb_error++;\n                    });\n                if (cpefb_error) return false;\n                if (document.cp_contactformtoemail_pform_1.cp_contactformtoemail_pform_status.value != '0')\n                           return false;\n                document.getElementById(\"refpage_1\").value = document.location;\n                cfte_blink(\".pbSubmit\");\n                document.cp_contactformtoemail_pform_1.cp_contactformtoemail_pform_status.value = '2';document.cp_contactformtoemail_pform_1.cp_contactformtoemail_pform_status.value = '1';\n                       $dexQuery.ajax({\n                         type: \"POST\",\n                         url: '',\n                         data: $dexQuery(\"#cp_contactformtoemail_pform_1\").serialize(),\n                         success: function(data)\n                         {\n                             document.cp_contactformtoemail_pform_1.cp_contactformtoemail_pform_status.value = '0';\n                                                              document.getElementById('cp_contactformtoemail_pform_1').innerHTML ='<a id=\"cftejump\"><\/a>Danke f\u00fcr Ihre Bestellung. Wir werden diese zeitnah bearbeiten und Ihnen eine R\u00fcckmeldung hierzu geben. Wenn der Vorauszahlungsbetrag auf dem Konto IBAN DE51810532720502008644 eingegangen ist, erhalten Sie die Karten zugesendet an die eingetragene Adresse. Mit freundlichen Gr\u00fc\u00dfen S\u00e4ngerkreis Elbe-Havel e.V. Der Vorstand';\n                                 var tag = $dexQuery(\"#cftejump\");\n                                 $dexQuery('html,body').animate({scrollTop: tag.offset().top-60},'fast');\n                                                        }\n                       });\n                       return false;\n                                }\n         }\n         function cfte_blink(selector){\n                 try {\n                     $dexQuery = jQuery.noConflict();\n                     $dexQuery(selector).fadeOut(700, function(){\n                         $dexQuery(this).fadeIn(700, function(){\n                             try {\n                                 if (document.cp_contactformtoemail_pform_1.cp_contactformtoemail_pform_status.value != '0')\n                                     cfte_blink(this);\n                             } catch (e) {}\n                         });\n                     });\n                 } catch (e) {}\n         }\n         function cp_contactformtoemail_cerror_1(){$dexQuery = jQuery.noConflict();$dexQuery(\"#hdcaptcha_error_1\").css('top',$dexQuery(\"#hdcaptcha_cp_contactformtoemail_post_1\").outerHeight());$dexQuery(\"#hdcaptcha_error_1\").css(\"display\",\"inline\");}\n        <\/script>\n        <div id=\"cftedialog\" style=\"display:none;\">Danke f\u00fcr Ihre Bestellung. Wir werden diese zeitnah bearbeiten und Ihnen eine R\u00fcckmeldung hierzu geben. Wenn der Vorauszahlungsbetrag auf dem Konto IBAN DE51810532720502008644 eingegangen ist, erhalten Sie die Karten zugesendet an die eingetragene Adresse. Mit freundlichen Gr\u00fc\u00dfen S\u00e4ngerkreis Elbe-Havel e.V. Der Vorstand<\/div>\n        <form class=\"cpp_form no-prefetch\" name=\"cp_contactformtoemail_pform_1\" id=\"cp_contactformtoemail_pform_1\" action=\"\/?ahbnocache=752924\" method=\"post\" enctype=\"multipart\/form-data\" onsubmit=\"return cp_contactformtoemail_pform_doValidate_1(this);\"><input type=\"hidden\" name=\"cp_pform_psequence\" value=\"_1\" \/><input type=\"hidden\" name=\"cp_contactformtoemail_pform_process\" value=\"1\" \/><input type=\"hidden\" name=\"cp_contactformtoemail_id\" value=\"2\" \/><input type=\"hidden\" name=\"cp_ref_page\" value=\"\" \/><input type=\"hidden\" name=\"form_structure_1\" id=\"form_structure_1\" size=\"180\" value=\"[[{&quot;name&quot;:&quot;fieldname2&quot;,&quot;index&quot;:0,&quot;title&quot;:&quot;Konzertkarten&quot;,&quot;shortlabel&quot;:&quot;Bitte tragen Sie die gew\\u00fcnschte Menge an Karten als Ziffer in das nachfolgende Feld. - Bitte tragen Sie in die nachfolgenden Felder die gew\\u00fcnschte Anzahl von Konzertkarten ein und versenden Sie dann mit senden dies Nachricht an uns - &quot;,&quot;size&quot;:&quot;large&quot;,&quot;required&quot;:true,&quot;minlength&quot;:&quot;1&quot;,&quot;maxlength&quot;:&quot;2&quot;,&quot;predefined&quot;:&quot;Kauf: Anzahl zu 15 \\u20ac pro Karte - Konto IBAN DE51810532720502008644 &quot;,&quot;predefinedClick&quot;:true,&quot;userhelp&quot;:&quot;Bitte geben Sie hier nur Zahlen ein \\nz.B.  1\\noder eine entsprechende Menge die Sie w\\u00fcnschen.&quot;,&quot;ftype&quot;:&quot;ftext&quot;,&quot;userhelpTooltip&quot;:&quot;&quot;,&quot;csslayout&quot;:&quot;&quot;,&quot;equalTo&quot;:&quot;&quot;},{&quot;name&quot;:&quot;fieldname3&quot;,&quot;index&quot;:1,&quot;title&quot;:&quot;Absenderadresse&quot;,&quot;shortlabel&quot;:&quot;Absender&quot;,&quot;size&quot;:&quot;large&quot;,&quot;required&quot;:true,&quot;minlength&quot;:&quot;15&quot;,&quot;maxlength&quot;:&quot;1000&quot;,&quot;predefined&quot;:&quot;Anschrift f\\u00fcr die Zusendung&quot;,&quot;userhelp&quot;:&quot;Bitte geben Sie hier Ihre Adressdaten ein, wie sie auch auf dem \\u00dcberweisungstr\\u00e4ger vermerkt werden muss:\\n&gt;&gt;&gt;     Vorname Name - Stra\\u00dfe Hausnummer - PLZ Ort  - Karten Menge  &lt;&lt;&lt;&quot;,&quot;ftype&quot;:&quot;ftext&quot;,&quot;userhelpTooltip&quot;:&quot;&quot;,&quot;csslayout&quot;:&quot;&quot;,&quot;predefinedClick&quot;:true,&quot;equalTo&quot;:&quot;&quot;},{&quot;name&quot;:&quot;fieldname4&quot;,&quot;index&quot;:2,&quot;title&quot;:&quot;Telefonnummer&quot;,&quot;predefined&quot;:&quot;(Vorwahl) Rufnummer&quot;,&quot;userhelp&quot;:&quot;(Vorwahl) Rufnummer - F\\u00fcr m\\u00f6gliche R\\u00fcckfragen bitte eine Telefonnummer dazu eingeben. &quot;,&quot;shortlabel&quot;:&quot;&quot;,&quot;ftype&quot;:&quot;ftext&quot;,&quot;userhelpTooltip&quot;:&quot;&quot;,&quot;csslayout&quot;:&quot;&quot;,&quot;predefinedClick&quot;:true,&quot;required&quot;:true,&quot;size&quot;:&quot;medium&quot;,&quot;minlength&quot;:&quot;9&quot;,&quot;maxlength&quot;:&quot;25&quot;,&quot;equalTo&quot;:&quot;&quot;},{&quot;name&quot;:&quot;email&quot;,&quot;index&quot;:3,&quot;title&quot;:&quot;Email Adresse&quot;,&quot;ftype&quot;:&quot;femail&quot;,&quot;userhelp&quot;:&quot;Bitte geben Sie uns Ihre Email Adresse f\\u00fcr die sp\\u00e4tere R\\u00fcckmeldung auf Ihrer Anfrage an. \\nAnderenfalls k\\u00f6nnen wir leider Ihre Frage nicht beantworten. &quot;,&quot;csslayout&quot;:&quot;&quot;,&quot;required&quot;:true,&quot;predefined&quot;:&quot;email@provider&quot;,&quot;size&quot;:&quot;medium&quot;,&quot;shortlabel&quot;:&quot;Email-Absender&quot;,&quot;userhelpTooltip&quot;:&quot;&quot;,&quot;predefinedClick&quot;:true,&quot;equalTo&quot;:&quot;&quot;},{&quot;name&quot;:&quot;fieldname1&quot;,&quot;index&quot;:4,&quot;title&quot;:&quot;Anerkennen der Datenschutzinformation und -vereinbarungen&quot;,&quot;value&quot;:&quot;Ich stimme den Datenschutzinformationen und -vereinbarungen zu&quot;,&quot;url&quot;:&quot;https:\\\/\\\/sk-elbe-havel.de\\\/skeh\\\/index.php\\\/privacy-policy\\\/&quot;,&quot;userhelp&quot;:&quot;Bei Fragen k\\u00f6nnen Sie die Informationen in unserem SK-Elbe-Havel.de Impressum einsehen. &quot;,&quot;shortlabel&quot;:&quot;&quot;,&quot;ftype&quot;:&quot;facceptance&quot;,&quot;userhelpTooltip&quot;:&quot;&quot;,&quot;csslayout&quot;:&quot;&quot;,&quot;required&quot;:true,&quot;message&quot;:&quot;&quot;}],[{&quot;title&quot;:&quot;Konzertkarten Bestellung&quot;,&quot;description&quot;:&quot; - Empf\\u00e4nger SK-Elbe-Havel e.V. - &quot;,&quot;formlayout&quot;:&quot;top_aligned&quot;}]]\" \/><input type=\"hidden\" name=\"refpage_1\" id=\"refpage_1\" value=\"\"><input type=\"hidden\" name=\"cp_contactformtoemail_pform_status\" value=\"0\" \/><input name=\"anonce\" type=\"hidden\" value=\"7434547226\"\/><input name=\"cftehp\" id=\"cftehp_1\" type=\"hidden\" value=\"1\"\/>\r\n<div id=\"fbuilder\">    \r\n    <div id=\"fbuilder_1\">\r\n        <div id=\"formheader_1\"><\/div>\r\n        <div id=\"fieldlist_1\"><\/div>\r\n    <\/div>\r\n<\/div>    \r\n<div style=\"display:none\">\r\n<input name=\"cftecontrolmessage\" type=\"text\" value=\"\"\/> \r\n<div id=\"cpcaptchalayer_1\" class=\"cpcaptchalayer\">\r\n  Sicherheitscode:<br \/>\r\n  <img decoding=\"async\" src=\"\/?cp_contactformtoemail_captcha=captcha&ps=_1&inAdmin=1&width=190&height=100&letter_count=6&min_size=45&max_size=60&noise=190&noiselength=4&bcolor=ffffff&border=000000&font=font1\"  id=\"captchaimg_1\" alt=\"security code\" border=\"0\" class=\"skip-lazy\"  \/>\r\n  <br \/>Bitte gib den Sicherheitscode ein:<br \/>\r\n  <div class=\"dfield\"><input type=\"text\" size=\"20\" name=\"hdcaptcha_cp_contactformtoemail_post\" id=\"hdcaptcha_cp_contactformtoemail_post_1\" value=\"\" \/>\r\n  <div class=\"cpefb_error message\" id=\"hdcaptcha_error_1\" generated=\"true\" style=\"display:none;position: absolute; left: 0px; top: 25px;\">Please enter a valid captcha code.<\/div>\r\n  <\/div><br \/>  \r\n<\/div>\r\n<\/div>\r\n<div id=\"cp_subbtn_1\" class=\"cp_subbtn\">\u00dcbermitteln<\/div>\r\n<\/form>\r\n<script>\r\ntry{document.getElementById(\"cftehp_1\").value=\"25\";}catch(e){}\r\n<\/script>\r\n\n","protected":false},"excerpt":{"rendered":"","protected":false},"author":3,"featured_media":0,"parent":0,"menu_order":0,"comment_status":"closed","ping_status":"closed","template":"","meta":{"ngg_post_thumbnail":0,"footnotes":""},"class_list":["post-1075","page","type-page","status-publish","hentry"],"_links":{"self":[{"href":"https:\/\/sk-elbe-havel.de\/index.php?rest_route=\/wp\/v2\/pages\/1075","targetHints":{"allow":["GET"]}}],"collection":[{"href":"https:\/\/sk-elbe-havel.de\/index.php?rest_route=\/wp\/v2\/pages"}],"about":[{"href":"https:\/\/sk-elbe-havel.de\/index.php?rest_route=\/wp\/v2\/types\/page"}],"author":[{"embeddable":true,"href":"https:\/\/sk-elbe-havel.de\/index.php?rest_route=\/wp\/v2\/users\/3"}],"replies":[{"embeddable":true,"href":"https:\/\/sk-elbe-havel.de\/index.php?rest_route=%2Fwp%2Fv2%2Fcomments&post=1075"}],"version-history":[{"count":0,"href":"https:\/\/sk-elbe-havel.de\/index.php?rest_route=\/wp\/v2\/pages\/1075\/revisions"}],"wp:attachment":[{"href":"https:\/\/sk-elbe-havel.de\/index.php?rest_route=%2Fwp%2Fv2%2Fmedia&parent=1075"}],"curies":[{"name":"wp","href":"https:\/\/api.w.org\/{rel}","templated":true}]}}